{"id":227,"date":"2023-07-13T18:53:16","date_gmt":"2023-07-13T16:53:16","guid":{"rendered":"https:\/\/www.comaresme.cat\/?page_id=227"},"modified":"2023-08-29T13:45:15","modified_gmt":"2023-08-29T11:45:15","slug":"cirugia-refractiva","status":"publish","type":"page","link":"https:\/\/www.comaresme.cat\/ca\/cirugia-refractiva\/","title":{"rendered":"Cirug\u00eda refractiva"},"content":{"rendered":"<div data-elementor-type=\"wp-page\" data-elementor-id=\"227\" class=\"elementor elementor-227\" data-elementor-post-type=\"page\">\n\t\t\t\t\t\t<section class=\"elementor-section elementor-top-section elementor-element elementor-element-5f3e4db7 elementor-section-height-min-height elementor-section-boxed elementor-section-height-default elementor-section-items-middle\" data-id=\"5f3e4db7\" data-element_type=\"section\" data-e-type=\"section\" data-settings=\"{&quot;background_background&quot;:&quot;classic&quot;}\">\n\t\t\t\t\t\t<div class=\"elementor-container elementor-column-gap-default\">\n\t\t\t\t\t<div class=\"elementor-column elementor-col-100 elementor-top-column elementor-element elementor-element-edfe45a\" data-id=\"edfe45a\" data-element_type=\"column\" data-e-type=\"column\">\n\t\t\t<div class=\"elementor-widget-wrap\">\n\t\t\t\t\t\t\t<\/div>\n\t\t<\/div>\n\t\t\t\t\t<\/div>\n\t\t<\/section>\n\t\t\t\t<section class=\"elementor-section elementor-top-section elementor-element elementor-element-64a5164c elementor-section-full_width elementor-section-height-default elementor-section-height-default\" data-id=\"64a5164c\" data-element_type=\"section\" data-e-type=\"section\">\n\t\t\t\t\t\t<div class=\"elementor-container elementor-column-gap-default\">\n\t\t\t\t\t<div class=\"elementor-column elementor-col-100 elementor-top-column elementor-element elementor-element-3755e365\" data-id=\"3755e365\" data-element_type=\"column\" data-e-type=\"column\">\n\t\t\t<div class=\"elementor-widget-wrap elementor-element-populated\">\n\t\t\t\t\t\t<div class=\"elementor-element elementor-element-3fe87437 elementor-widget elementor-widget-heading\" data-id=\"3fe87437\" data-element_type=\"widget\" data-e-type=\"widget\" data-widget_type=\"heading.default\">\n\t\t\t\t<div class=\"elementor-widget-container\">\n\t\t\t\t\t<h2 class=\"elementor-heading-title elementor-size-default\"><b>Cirug\u00eda refractiva, <\/b>operaci\u00f3n de Miop\u00eda, hipermetrop\u00eda y astigmatismo<\/h2>\t\t\t\t<\/div>\n\t\t\t\t<\/div>\n\t\t\t\t<div class=\"elementor-element elementor-element-78a5a014 elementor-widget elementor-widget-heading\" data-id=\"78a5a014\" data-element_type=\"widget\" data-e-type=\"widget\" data-widget_type=\"heading.default\">\n\t\t\t\t<div class=\"elementor-widget-container\">\n\t\t\t\t\t<h4 class=\"elementor-heading-title elementor-size-default\">La cirug\u00eda refractiva es un conjunto de procedimientos quir\u00fargicos oftalmol\u00f3gicos que tienen como objetivo corregir los defectos refractivos, como la miop\u00eda, la hipermetrop\u00eda, el astigmatismo y la presbicia (vista cansada), para lograr una buena calidad visual y evitar depender del uso de gafas o lentes de contacto.\n<\/h4>\t\t\t\t<\/div>\n\t\t\t\t<\/div>\n\t\t\t\t<div class=\"elementor-element elementor-element-e65eb9d elementor-widget elementor-widget-text-editor\" data-id=\"e65eb9d\" data-element_type=\"widget\" data-e-type=\"widget\" data-widget_type=\"text-editor.default\">\n\t\t\t\t<div class=\"elementor-widget-container\">\n\t\t\t\t\t\t\t\t\t<h3><strong>T\u00e9cnicas de cirug\u00eda refractiva<\/strong><\/h3><p style=\"font-weight: 400;\">En el COM, somos expertos en cirug\u00eda refractiva. Las t\u00e9cnicas que utilizamos se pueden dividir en dos grupos principales: las de superficie, que act\u00faan sobre la c\u00f3rnea, y las t\u00e9cnicas intraoculares, que act\u00faan dentro del ojo e implican la implantaci\u00f3n de una lente.<\/p><p style=\"font-weight: 400;\"><strong>Las t\u00e9cnicas de superficie<\/strong> incluyen procedimientos como la queratomileusis in situ asistida por l\u00e1ser (LASIK), la queratotom\u00eda fotorrefractiva (PRK) y la epitelio-queratoplastia asistida por l\u00e1ser (LASEK). Estas t\u00e9cnicas remodelan la c\u00f3rnea para corregir los errores refractivos y mejorar la visi\u00f3n.<\/p><p style=\"font-weight: 400;\">Por otro lado, las <strong>t\u00e9cnicas intraoculares<\/strong> implican la implantaci\u00f3n de lentes intraoculares, como las lentes f\u00e1quicas, que se colocan en el interior del ojo sin extraer el cristalino natural, o las lentes pseudof\u00e1quicas, que reemplazan el cristalino natural despu\u00e9s de su extracci\u00f3n.<\/p><p style=\"font-weight: 400;\">Nuestro equipo de especialistas evaluar\u00e1 tu caso de forma individualizada para determinar la t\u00e9cnica m\u00e1s adecuada para ti. <strong>La cirug\u00eda refractiva puede mejorar significativamente tu calidad de vida<\/strong> al proporcionarte una visi\u00f3n clara y reducir tu dependencia de las gafas o lentes de contacto.<\/p>\t\t\t\t\t\t\t\t<\/div>\n\t\t\t\t<\/div>\n\t\t\t\t\t<\/div>\n\t\t<\/div>\n\t\t\t\t\t<\/div>\n\t\t<\/section>\n\t\t\t\t<section class=\"elementor-section elementor-top-section elementor-element elementor-element-4fb5771f elementor-section-height-min-height elementor-section-boxed elementor-section-height-default elementor-section-items-middle\" data-id=\"4fb5771f\" data-element_type=\"section\" data-e-type=\"section\" data-settings=\"{&quot;background_background&quot;:&quot;classic&quot;}\">\n\t\t\t\t\t\t<div class=\"elementor-container elementor-column-gap-default\">\n\t\t\t\t\t<div class=\"elementor-column elementor-col-100 elementor-top-column elementor-element elementor-element-37940b5a\" data-id=\"37940b5a\" data-element_type=\"column\" data-e-type=\"column\">\n\t\t\t<div class=\"elementor-widget-wrap\">\n\t\t\t\t\t\t\t<\/div>\n\t\t<\/div>\n\t\t\t\t\t<\/div>\n\t\t<\/section>\n\t\t\t\t<section class=\"elementor-section elementor-top-section elementor-element elementor-element-676fb8ec elementor-section-full_width elementor-section-height-default elementor-section-height-default\" data-id=\"676fb8ec\" data-element_type=\"section\" data-e-type=\"section\">\n\t\t\t\t\t\t<div class=\"elementor-container elementor-column-gap-default\">\n\t\t\t\t\t<div class=\"elementor-column elementor-col-100 elementor-top-column elementor-element elementor-element-1783b6c4\" data-id=\"1783b6c4\" data-element_type=\"column\" data-e-type=\"column\">\n\t\t\t<div class=\"elementor-widget-wrap elementor-element-populated\">\n\t\t\t\t\t\t<div class=\"elementor-element elementor-element-6f39df59 elementor-widget elementor-widget-text-editor\" data-id=\"6f39df59\" data-element_type=\"widget\" data-e-type=\"widget\" data-widget_type=\"text-editor.default\">\n\t\t\t\t<div class=\"elementor-widget-container\">\n\t\t\t\t\t\t\t\t\t<h3 style=\"font-weight: 400;\"><span style=\"color: #008edf;\"><strong>Tipos de operaci\u00f3n seg\u00fan el defecto refractivo<\/strong><\/span><\/h3><p style=\"font-weight: 400;\">Las operaciones de miop\u00eda, hipermetrop\u00eda y astigmatismo, factores que contribuyen a su aparici\u00f3n y tratamiento para cada uno de los defectos.\u00a0<\/p><p style=\"font-weight: 400;\">\u00a0<\/p>\t\t\t\t\t\t\t\t<\/div>\n\t\t\t\t<\/div>\n\t\t\t\t<div class=\"elementor-element elementor-element-19c96be elementor-tabs-view-horizontal elementor-widget elementor-widget-tabs\" data-id=\"19c96be\" data-element_type=\"widget\" data-e-type=\"widget\" data-widget_type=\"tabs.default\">\n\t\t\t\t<div class=\"elementor-widget-container\">\n\t\t\t\t\t\t\t<div class=\"elementor-tabs\">\n\t\t\t<div class=\"elementor-tabs-wrapper\" role=\"tablist\" >\n\t\t\t\t\t\t\t\t\t<div id=\"elementor-tab-title-2701\" class=\"elementor-tab-title elementor-tab-desktop-title\" aria-selected=\"true\" data-tab=\"1\" role=\"tab\" tabindex=\"0\" aria-controls=\"elementor-tab-content-2701\" aria-expanded=\"false\">Miop\u00eda<\/div>\n\t\t\t\t\t\t\t\t\t<div id=\"elementor-tab-title-2702\" class=\"elementor-tab-title elementor-tab-desktop-title\" aria-selected=\"false\" data-tab=\"2\" role=\"tab\" tabindex=\"-1\" aria-controls=\"elementor-tab-content-2702\" aria-expanded=\"false\">Hipermetrop\u00eda<\/div>\n\t\t\t\t\t\t\t\t\t<div id=\"elementor-tab-title-2703\" class=\"elementor-tab-title elementor-tab-desktop-title\" aria-selected=\"false\" data-tab=\"3\" role=\"tab\" tabindex=\"-1\" aria-controls=\"elementor-tab-content-2703\" aria-expanded=\"false\">Astigmatismo<\/div>\n\t\t\t\t\t\t\t<\/div>\n\t\t\t<div class=\"elementor-tabs-content-wrapper\" role=\"tablist\" aria-orientation=\"vertical\">\n\t\t\t\t\t\t\t\t\t<div class=\"elementor-tab-title elementor-tab-mobile-title\" aria-selected=\"true\" data-tab=\"1\" role=\"tab\" tabindex=\"0\" aria-controls=\"elementor-tab-content-2701\" aria-expanded=\"false\">Miop\u00eda<\/div>\n\t\t\t\t\t<div id=\"elementor-tab-content-2701\" class=\"elementor-tab-content elementor-clearfix\" data-tab=\"1\" role=\"tabpanel\" aria-labelledby=\"elementor-tab-title-2701\" tabindex=\"0\" hidden=\"false\"><h3><strong>\u00bfQu\u00e9 es la miop\u00eda?<\/strong><\/h3><p style=\"font-weight: 400;\">La miop\u00eda es un error de refracci\u00f3n en el cual los objetos distantes se enfocan por delante de la retina en lugar de enfocarse directamente sobre ella. Esto causa que la visi\u00f3n de los objetos lejanos se vea borrosa. <strong>La miop\u00eda generalmente comienza en la infancia y progresa durante la adolescencia hasta la edad adulta<\/strong>.<\/p><p style=\"font-weight: 400;\">La miop\u00eda puede ocurrir debido a diferentes factores. Uno de ellos es cuando el ojo es m\u00e1s largo de lo normal, lo que hace que la luz se enfoque antes de llegar a la retina. Tambi\u00e9n puede estar relacionada con la curvatura excesiva de la c\u00f3rnea o la potencia excesiva del cristalino.<\/p><h4 style=\"font-weight: 400;\"><strong>Factores que contribuyen a la aparici\u00f3n de miop\u00eda:<\/strong><\/h4><ul><li style=\"font-weight: 400;\"><strong>Causas gen\u00e9ticas<\/strong>: La miop\u00eda se hereda con frecuencia de padres a hijos y suele ser un gen dominante en la transmisi\u00f3n gen\u00e9tica.<\/li><li style=\"font-weight: 400;\"><strong>Causas patol\u00f3gicas<\/strong>: Algunas enfermedades pueden provocar miop\u00eda de manera temporal o permanente. Por ejemplo, el desarrollo de cataratas o el adelgazamiento de la c\u00f3rnea pueden influir en la aparici\u00f3n de la miop\u00eda.<\/li><li style=\"font-weight: 400;\"><strong>Causas ambientales<\/strong>: Algunas personas experimentan problemas de visi\u00f3n solo en ciertas circunstancias, como en condiciones de poca iluminaci\u00f3n o en profesiones donde se trabaja de cerca con objetos, como en el uso de un microscopio.<\/li><\/ul><p>\u00a0<\/p><p style=\"font-weight: 400;\">Es importante tener en cuenta que estos son solo algunos de los factores que pueden contribuir al desarrollo de la miop\u00eda. Cada caso es \u00fanico y puede involucrar diferentes combinaciones de factores gen\u00e9ticos, patol\u00f3gicos y ambientales. Si tienes preocupaciones sobre tu visi\u00f3n o sospechas que podr\u00edas tener miop\u00eda, es recomendable que consultes con un oftalm\u00f3logo para una evaluaci\u00f3n y un diagn\u00f3stico preciso.<\/p><h3 style=\"font-weight: 400;\">Tratamiento de la miop\u00eda:<\/h3><p style=\"font-weight: 400;\">El tratamiento de la miop\u00eda debe individualizarse en cada caso, y aunque no se cura, se puede corregir mediante:<\/p><h4 style=\"font-weight: 400;\">Correci\u00f3n con gafas y\/o lentillas<\/h4><p style=\"font-weight: 400;\">Es la forma m\u00e1s simple de corregir la miop\u00eda<\/p><h4 style=\"font-weight: 400;\">Cirug\u00eda refractiva l\u00e1ser<\/h4><p style=\"font-weight: 400;\">T\u00e9cnica LASIK, PRK y SMILE. Son las t\u00e9cnicas m\u00e1s utilizadas en la operaci\u00f3n de miop\u00eda por su probada seguridad y eficacia.<\/p><h4 style=\"font-weight: 400;\">Lentes intraoculares<\/h4><p style=\"font-weight: 400;\">En casos seleccionados existen otras t\u00e9cnicas quir\u00fargicas como son el implante de lentes intraoculares f\u00e1quicas (sin quitar el cristalino) o la extracci\u00f3n del cristalino e implantando una lente intraocular.<\/p><p style=\"font-weight: 400;\"><strong>La cirug\u00eda refractiva l\u00e1ser es la t\u00e9cnica u operaci\u00f3n de miop\u00eda m\u00e1s utilizada para corregir la miop\u00eda.<\/strong><\/p><\/div>\n\t\t\t\t\t\t\t\t\t<div class=\"elementor-tab-title elementor-tab-mobile-title\" aria-selected=\"false\" data-tab=\"2\" role=\"tab\" tabindex=\"-1\" aria-controls=\"elementor-tab-content-2702\" aria-expanded=\"false\">Hipermetrop\u00eda<\/div>\n\t\t\t\t\t<div id=\"elementor-tab-content-2702\" class=\"elementor-tab-content elementor-clearfix\" data-tab=\"2\" role=\"tabpanel\" aria-labelledby=\"elementor-tab-title-2702\" tabindex=\"0\" hidden=\"hidden\"><p style=\"font-weight: 400;\">Un ojo em\u00e9trope es aquel que puede enfocar adecuadamente las im\u00e1genes directamente sobre la retina. Sin embargo, cuando la \u00f3ptica del ojo es diferente a la de un ojo em\u00e9trope, se producen defectos o errores de refracci\u00f3n ocular, como la miop\u00eda y la hipermetrop\u00eda.<\/p><h3 style=\"font-weight: 400;\"><strong>\u00bfQu\u00e9 es la hipermetrop\u00eda?<\/strong><\/h3><p style=\"font-weight: 400;\">La hipermetrop\u00eda es un defecto de refracci\u00f3n del ojo que se produce cuando las im\u00e1genes se enfocan detr\u00e1s de la retina y no directamente en ella, lo que <strong>provoca una visi\u00f3n borrosa o poco n\u00edtida en distancia intermedia y pr\u00f3xima<\/strong>. Esto suele ocurrir porque la c\u00f3rnea o el cristalino (o ambos) tienen poca potencia o el ojo es m\u00e1s corto de lo habitual. As\u00ed, las personas con hipermetrop\u00eda pueden experimentar <strong>problemas a la hora de leer o ver la televisi\u00f3n<\/strong>, pero no para distinguir las se\u00f1ales de tr\u00e1fico cuando conducen. La hipermetrop\u00eda, adem\u00e1s <strong>suele ir acompa\u00f1ada de astigmatismo<\/strong>.<\/p><p style=\"font-weight: 400;\">En el caso de la hipermetrop\u00eda, las personas experimentan una visi\u00f3n m\u00e1s borrosa de cerca que de lejos.\u00a0 Es el defecto refractivo opuesto a la miop\u00eda.<\/p><p style=\"font-weight: 400;\">Cuanto mayor sea la cantidad de dioptr\u00edas de error refractivo en un ojo hipermetr\u00f3pico, m\u00e1s desenfocadas ser\u00e1n las im\u00e1genes cuando no se usen gafas.<\/p><p style=\"font-weight: 400;\">Durante la infancia y hasta los 40 o 50 a\u00f1os, el cristalino del ojo puede compensar este defecto y enfocar las im\u00e1genes en la retina. Sin embargo, a medida que envejecemos, el cristalino pierde su capacidad de enfoque, lo que resulta en la necesidad de usar gafas. A este fen\u00f3meno se le conoce como presbicia o vista cansada.<\/p><h3 style=\"font-weight: 400;\">Causas que afectan a la aparici\u00f3n de hipermetrop\u00eda:<\/h3><p style=\"font-weight: 400;\">La hipermetrop\u00eda puede tener diversas causas, y en muchos casos, <strong>tiene un componente hereditario.<\/strong> Por lo tanto, es m\u00e1s com\u00fan en personas con antecedentes familiares de hipermetrop\u00eda. Sin embargo, tambi\u00e9n pueden influir otros factores.<\/p><p style=\"font-weight: 400;\">En la mayor\u00eda de los reci\u00e9n nacidos, la hipermetrop\u00eda es com\u00fan y tiende a corregirse a medida que el ojo se desarrolla, desapareciendo en la adolescencia en muchos casos. Sin embargo, si no se corrige adecuadamente durante esta etapa, la hipermetrop\u00eda infantil puede dar lugar a otros problemas visuales, como el ojo vago o el estrabismo. En casos de hipermetrop\u00eda leve, los j\u00f3venes suelen compensarla utilizando la capacidad de acomodaci\u00f3n de sus ojos. Sin embargo, con el paso del tiempo, esta capacidad se pierde y la hipermetrop\u00eda que se ten\u00eda durante la infancia puede reaparecer en la edad adulta, requiriendo correcci\u00f3n \u00f3ptica.<\/p><h4 style=\"font-weight: 400;\"><strong>Diagn\u00f3stico de la hipermetrop\u00eda:<\/strong><\/h4><p style=\"font-weight: 400;\">Los <strong>s\u00edntomas m\u00e1s comunes<\/strong> de la hipermetrop\u00eda son:<\/p><ul><li style=\"font-weight: 400;\">Visi\u00f3n borrosa de objetos cercanos, aunque a veces puede pasar desapercibida o ser menos evidente en ni\u00f1os y j\u00f3venes debido a la capacidad de acomodaci\u00f3n de sus ojos.<\/li><li style=\"font-weight: 400;\">Dolor o fatiga ocular despu\u00e9s de realizar actividades que requieren una visi\u00f3n de cerca, como leer o trabajar en el ordenador durante per\u00edodos prolongados.<\/li><li style=\"font-weight: 400;\">Dolores de cabeza, especialmente despu\u00e9s de un esfuerzo prolongado de acomodaci\u00f3n visual o trabajo cercano excesivo.<\/li><li style=\"font-weight: 400;\">Enrojecimiento ocular, a menudo al final del d\u00eda, acompa\u00f1ado de lagrimeo, escozor y parpadeo excesivo.<\/li><li style=\"font-weight: 400;\">Estrabismo o desviaci\u00f3n del ojo hacia afuera, que en ocasiones puede ser una respuesta involuntaria a la acomodaci\u00f3n ocular para enfocar correctamente.<\/li><\/ul><h4 style=\"font-weight: 400;\"><strong>Tratamiento de la hipermetrop\u00eda:<\/strong><\/h4><p style=\"font-weight: 400;\">La <strong>hipermetrop\u00eda puede corregirse mediante cirug\u00eda refractiva l\u00e1ser (LASIK) o mediante la implantaci\u00f3n de una lente intraocular,<\/strong> ambas opciones ofrecen una soluci\u00f3n r\u00e1pida y eficaz. Adem\u00e1s de corregir la hipermetrop\u00eda, tambi\u00e9n pueden abordar otros defectos refractivos, como el astigmatismo y la presbicia (vista cansada).<\/p><ul><li style=\"font-weight: 400;\">\u00a0La <strong>cirug\u00eda refractiva l\u00e1ser<\/strong>, como el LASIK, es adecuada para aquellas personas que desean prescindir de correcci\u00f3n \u00f3ptica y cumplen ciertos requisitos.<\/li><li style=\"font-weight: 400;\">El <strong>implante de lentes intraoculares<\/strong> es una opci\u00f3n para casos de hipermetrop\u00eda m\u00e1s pronunciada o cuando no se cumplen los criterios para la cirug\u00eda l\u00e1ser. Esto implica la colocaci\u00f3n de lentes intraoculares, ya sea lentes f\u00e1quicas (ICL) para personas j\u00f3venes o lentes pseudof\u00e1quicas para personas mayores con presbicia, que reemplazan al cristalino natural.<\/li><\/ul><p style=\"font-weight: 400;\"><strong>La elecci\u00f3n del tratamiento m\u00e1s adecuado se basar\u00e1 en las necesidades individuales de cada paciente<\/strong>, teniendo en cuenta factores como el trabajo y las aficiones. Se realizar\u00e1 un estudio preoperatorio completo, que incluir\u00e1 pruebas como la topograf\u00eda corneal, la pupilometr\u00eda, la aberrometr\u00eda y la biomet.<\/p><\/div>\n\t\t\t\t\t\t\t\t\t<div class=\"elementor-tab-title elementor-tab-mobile-title\" aria-selected=\"false\" data-tab=\"3\" role=\"tab\" tabindex=\"-1\" aria-controls=\"elementor-tab-content-2703\" aria-expanded=\"false\">Astigmatismo<\/div>\n\t\t\t\t\t<div id=\"elementor-tab-content-2703\" class=\"elementor-tab-content elementor-clearfix\" data-tab=\"3\" role=\"tabpanel\" aria-labelledby=\"elementor-tab-title-2703\" tabindex=\"0\" hidden=\"hidden\"><h3><strong>\u00bfQu\u00e9 es el astigmatismo?<\/strong><\/h3><p style=\"font-weight: 400;\">El astigmatismo es un defecto refractivo del ojo que causa una visi\u00f3n distorsionada o borrosa tanto de cerca como de lejos. En lugar de tener una forma esf\u00e9rica regular, la c\u00f3rnea o el cristalino del ojo tienen una curvatura irregular, lo que provoca que los rayos de luz se enfoquen en varios puntos en lugar de un solo punto focal en la retina.<\/p><h3 style=\"font-weight: 400;\">Causas principales de la aparici\u00f3n de astigmatismo<\/h3><p style=\"font-weight: 400;\">Las causas exactas del astigmatismo no se conocen por completo, pero se cree que tiene un componente gen\u00e9tico y puede estar presente desde el nacimiento. Algunas personas pueden desarrollar astigmatismo como resultado de lesiones o cirug\u00edas oculares, cambios en la forma de la c\u00f3rnea debido a enfermedades oculares, o por el envejecimiento natural del ojo.<\/p><h4><strong>C\u00f3mo se diagnostica<\/strong><\/h4><p style=\"font-weight: 400;\">El astigmatismo se diagnostica mediante un <strong>examen ocular completo realizado por un oftalm\u00f3logo<\/strong>. Se utiliza un instrumento llamado querat\u00f3metro para medir la curvatura de la c\u00f3rnea y determinar la cantidad y el eje del astigmatismo. Adem\u00e1s, se pueden realizar pruebas de agudeza visual y refracci\u00f3n para evaluar la visi\u00f3n y determinar la prescripci\u00f3n \u00f3ptica necesaria.<\/p><p style=\"font-weight: 400;\">Tipos:<\/p><h4 style=\"font-weight: 400;\">Astigmatismo corneal y lenticular<\/h4><p style=\"font-weight: 400;\">El astigmatismo puede ser causado por una forma irregular de la c\u00f3rnea, conocido como astigmatismo corneal, o por una deformaci\u00f3n en el cristalino, llamado astigmatismo lenticular. Ambos pueden afectar la visi\u00f3n tanto de objetos cercanos como lejanos, causando borrosidad o distorsi\u00f3n.<\/p><h4 style=\"font-weight: 400;\">Astigmatismo regular e irregular<\/h4><ul><li style=\"font-weight: 400;\"><strong>Astigmatismo regular<\/strong>: Los meridianos principales de la c\u00f3rnea son perpendiculares entre s\u00ed y forman un \u00e1ngulo de 90 grados. La mayor\u00eda de los astigmatismos son corneales y regulares.<\/li><li style=\"font-weight: 400;\"><strong>Astigmatismo irregular<\/strong>: Los meridianos principales no son perpendiculares. Esto puede ser resultado de una lesi\u00f3n o cirug\u00eda que cause cicatrizaci\u00f3n en la c\u00f3rnea, o debido a una condici\u00f3n llamada queratocono, que provoca adelgazamiento y deformaci\u00f3n corneal.<\/li><\/ul><h4 style=\"font-weight: 400;\">Astigmatismo simple y compuesto<\/h4><ul><li style=\"font-weight: 400;\"><strong>Astigmatismo mi\u00f3pico simple<\/strong>: Uno de los meridianos enfoca los rayos de luz delante de la retina, mientras que el otro enfoca correctamente en la retina.<\/li><li style=\"font-weight: 400;\">A<strong>stigmatismo hipermetr\u00f3pico simple<\/strong>: Uno de los meridianos enfoca los rayos de luz detr\u00e1s de la retina, mientras que el otro enfoca correctamente en la retina.<\/li><li style=\"font-weight: 400;\"><strong>Astigmatismo compuesto<\/strong>:<\/li><li style=\"font-weight: 400;\"><strong>Astigmatismo mi\u00f3pico compuesto<\/strong>: Ambos meridianos enfocan los rayos de luz delante de la retina.<\/li><li style=\"font-weight: 400;\"><strong>Astigmatismo hipermetr\u00f3pico compuesto<\/strong>: Ambos meridianos enfocan los rayos de luz detr\u00e1s de la retina.<\/li><li style=\"font-weight: 400;\"><strong>Astigmatismo mixto<\/strong>: Un meridiano enfoca los rayos de luz delante de la retina, mientras que el otro los enfoca detr\u00e1s.<\/li><\/ul><h3 style=\"font-weight: 400;\">S\u00edntomas del astigmatismo<\/h3><p style=\"font-weight: 400;\"><strong>Algunas personas nacen con astigmatismo y la mayor\u00eda tiene cierto grado de este defecto refractivo<\/strong>, que puede combinarse con otros errores de refracci\u00f3n, como la miop\u00eda o la hipermetrop\u00eda.<\/p><p style=\"font-weight: 400;\">Los adultos con astigmatismo pronunciado pueden experimentar <strong>visi\u00f3n borrosa o distorsionada, fatiga visual, dolores de cabeza, necesidad de entornar los ojos para enfocar mejor<\/strong>, entre otros s\u00edntomas relacionados con la visi\u00f3n. Estos s\u00edntomas indican la necesidad de consultar a un oftalm\u00f3logo para una revisi\u00f3n.<\/p><p style=\"font-weight: 400;\">En el caso de los ni\u00f1os, es posible que no sean conscientes de que tienen astigmatismo y que no se quejen de visi\u00f3n borrosa o distorsionada. Sin embargo, si no se corrige, puede afectar su rendimiento escolar. Por lo tanto, es esencial llevar a los ni\u00f1os a una revisi\u00f3n con el oftalm\u00f3logo.<\/p><h3 style=\"font-weight: 400;\">Correcci\u00f3n del astigmatismo<\/h3><p style=\"font-weight: 400;\">Aunque cada caso se debe evaluar individualmente. Lo habitual que es las graduaciones bajas y medias de astigmatismo se pueden corregir con el <strong>uso de gafas o lentes de contacto<\/strong>, como las lentes t\u00f3ricas blandas o r\u00edgidas. En casos de astigmatismo m\u00e1s pronunciado, las gafas o lentes de contacto r\u00edgidas suelen ser m\u00e1s adecuada<\/p><p style=\"font-weight: 400;\">En otros casos <strong>se pueden aplicar tratamientos quir\u00fargicos como el LASIK o PRK<\/strong>, puede corregir el astigmatismo al remodelar la c\u00f3rnea utilizando l\u00e1ser. Esta opci\u00f3n puede ser adecuada para aquellos que desean eliminar la dependencia de gafas o lentes de contacto.<\/p><p style=\"font-weight: 400;\">Para casos m\u00e1s graves de astigmatismo o cuando hay otras condiciones oculares presentes, se puede considerar la <strong>implantaci\u00f3n de lentes intraoculares que corrigen el astigmatismo junto con otros defectos refractivos.<\/strong><\/p><\/div>\n\t\t\t\t\t\t\t<\/div>\n\t\t<\/div>\n\t\t\t\t\t\t<\/div>\n\t\t\t\t<\/div>\n\t\t\t\t\t<\/div>\n\t\t<\/div>\n\t\t\t\t\t<\/div>\n\t\t<\/section>\n\t\t\t\t<\/div>","protected":false},"excerpt":{"rendered":"<p>Cirug\u00eda refractiva, operaci\u00f3n de Miop\u00eda, hipermetrop\u00eda y astigmatismo La cirug\u00eda refractiva es un conjunto de procedimientos quir\u00fargicos oftalmol\u00f3gicos que tienen como objetivo corregir los defectos refractivos, como la miop\u00eda, la hipermetrop\u00eda, el astigmatismo y la presbicia (vista cansada), para lograr una buena calidad visual y evitar depender del uso de gafas o lentes de contacto. [&hellip;]<\/p>","protected":false},"author":1,"featured_media":72,"parent":0,"menu_order":0,"comment_status":"closed","ping_status":"closed","template":"","meta":{"footnotes":""},"class_list":["post-227","page","type-page","status-publish","has-post-thumbnail","hentry"],"_links":{"self":[{"href":"https:\/\/www.comaresme.cat\/ca\/wp-json\/wp\/v2\/pages\/227","targetHints":{"allow":["GET"]}}],"collection":[{"href":"https:\/\/www.comaresme.cat\/ca\/wp-json\/wp\/v2\/pages"}],"about":[{"href":"https:\/\/www.comaresme.cat\/ca\/wp-json\/wp\/v2\/types\/page"}],"author":[{"embeddable":true,"href":"https:\/\/www.comaresme.cat\/ca\/wp-json\/wp\/v2\/users\/1"}],"replies":[{"embeddable":true,"href":"https:\/\/www.comaresme.cat\/ca\/wp-json\/wp\/v2\/comments?post=227"}],"version-history":[{"count":45,"href":"https:\/\/www.comaresme.cat\/ca\/wp-json\/wp\/v2\/pages\/227\/revisions"}],"predecessor-version":[{"id":911,"href":"https:\/\/www.comaresme.cat\/ca\/wp-json\/wp\/v2\/pages\/227\/revisions\/911"}],"wp:featuredmedia":[{"embeddable":true,"href":"https:\/\/www.comaresme.cat\/ca\/wp-json\/wp\/v2\/media\/72"}],"wp:attachment":[{"href":"https:\/\/www.comaresme.cat\/ca\/wp-json\/wp\/v2\/media?parent=227"}],"curies":[{"name":"wp","href":"https:\/\/api.w.org\/{rel}","templated":true}]}}