{"id":229,"date":"2023-07-13T18:53:33","date_gmt":"2023-07-13T16:53:33","guid":{"rendered":"https:\/\/www.comaresme.cat\/?page_id=229"},"modified":"2023-08-29T14:04:44","modified_gmt":"2023-08-29T12:04:44","slug":"degeneracion-macular-asociada-a-la-edad","status":"publish","type":"page","link":"https:\/\/www.comaresme.cat\/ca\/degeneracion-macular-asociada-a-la-edad\/","title":{"rendered":"Degeneraci\u00f3n macular asociada a la edad"},"content":{"rendered":"<div data-elementor-type=\"wp-page\" data-elementor-id=\"229\" class=\"elementor elementor-229\" data-elementor-post-type=\"page\">\n\t\t\t\t\t\t<section class=\"elementor-section elementor-top-section elementor-element elementor-element-21496f66 elementor-section-height-min-height elementor-section-boxed elementor-section-height-default elementor-section-items-middle\" data-id=\"21496f66\" data-element_type=\"section\" data-e-type=\"section\" data-settings=\"{&quot;background_background&quot;:&quot;classic&quot;}\">\n\t\t\t\t\t\t<div class=\"elementor-container elementor-column-gap-default\">\n\t\t\t\t\t<div class=\"elementor-column elementor-col-100 elementor-top-column elementor-element elementor-element-4f48de17\" data-id=\"4f48de17\" data-element_type=\"column\" data-e-type=\"column\">\n\t\t\t<div class=\"elementor-widget-wrap\">\n\t\t\t\t\t\t\t<\/div>\n\t\t<\/div>\n\t\t\t\t\t<\/div>\n\t\t<\/section>\n\t\t\t\t<section class=\"elementor-section elementor-top-section elementor-element elementor-element-27d14adc elementor-section-full_width elementor-section-height-default elementor-section-height-default\" data-id=\"27d14adc\" data-element_type=\"section\" data-e-type=\"section\">\n\t\t\t\t\t\t<div class=\"elementor-container elementor-column-gap-default\">\n\t\t\t\t\t<div class=\"elementor-column elementor-col-100 elementor-top-column elementor-element elementor-element-622ed28b\" data-id=\"622ed28b\" data-element_type=\"column\" data-e-type=\"column\">\n\t\t\t<div class=\"elementor-widget-wrap elementor-element-populated\">\n\t\t\t\t\t\t<div class=\"elementor-element elementor-element-767488f5 elementor-widget elementor-widget-heading\" data-id=\"767488f5\" data-element_type=\"widget\" data-e-type=\"widget\" data-widget_type=\"heading.default\">\n\t\t\t\t<div class=\"elementor-widget-container\">\n\t\t\t\t\t<h2 class=\"elementor-heading-title elementor-size-default\"><b>Degeneraci\u00f3n macular <\/b>asociada a la edad <\/h2>\t\t\t\t<\/div>\n\t\t\t\t<\/div>\n\t\t\t\t<div class=\"elementor-element elementor-element-79d16 elementor-widget elementor-widget-heading\" data-id=\"79d16\" data-element_type=\"widget\" data-e-type=\"widget\" data-widget_type=\"heading.default\">\n\t\t\t\t<div class=\"elementor-widget-container\">\n\t\t\t\t\t<h4 class=\"elementor-heading-title elementor-size-default\">\tLa degeneraci\u00f3n macular asociada a la edad (DMAE) es una enfermedad ocular que afecta principalmente a personas mayores de 50 a\u00f1os. Se caracteriza por el deterioro progresivo de la m\u00e1cula, una parte de la retina responsable de la visi\u00f3n central y la percepci\u00f3n de los detalles finos.<\/h4>\t\t\t\t<\/div>\n\t\t\t\t<\/div>\n\t\t\t\t<div class=\"elementor-element elementor-element-370924d3 elementor-widget elementor-widget-text-editor\" data-id=\"370924d3\" data-element_type=\"widget\" data-e-type=\"widget\" data-widget_type=\"text-editor.default\">\n\t\t\t\t<div class=\"elementor-widget-container\">\n\t\t\t\t\t\t\t\t\t<p style=\"font-weight: 400;\">La DMAE se considera <strong>la principal causa de p\u00e9rdida de visi\u00f3n en personas mayores<\/strong>. Hay dos formas principales de DMAE: la forma seca y la forma h\u00fameda.<\/p><p style=\"font-weight: 400;\"><strong>La DMAE seca<\/strong> es la forma m\u00e1s com\u00fan y se caracteriza por la acumulaci\u00f3n de dep\u00f3sitos amarillos llamados drusas en la m\u00e1cula. Con el tiempo, estas drusas pueden causar adelgazamiento y atrofia de la m\u00e1cula, lo que resulta en una visi\u00f3n borrosa o distorsionada en el centro del campo visual. En algunos casos, la DMAE seca puede progresar a la forma h\u00fameda.<\/p><p style=\"font-weight: 400;\"><strong>La DMAE h\u00fameda<\/strong>, aunque menos com\u00fan, es m\u00e1s grave. Se produce cuando se forman nuevos vasos sangu\u00edneos anormales en la m\u00e1cula, lo que puede ocasionar sangrado y la formaci\u00f3n de cicatrices. Esto puede resultar en una p\u00e9rdida r\u00e1pida y severa de la visi\u00f3n central.<\/p><h3 style=\"font-weight: 400;\"><span style=\"color: #008edf;\"><strong>Causas principales de la\u00a0<\/strong><\/span><span style=\"color: #008edf;\"><strong>Degeneraci\u00f3n Macular Asociada a la Edad (DMAE)<\/strong><\/span><\/h3><p style=\"font-weight: 400;\">Hay varios factores que pueden influir en la aparici\u00f3n y progresi\u00f3n de la DMAE, como:<\/p><ul><li style=\"font-weight: 400;\"><strong>Falta de h\u00e1bitos saludables<\/strong>: tabaquismo, dieta poco saludable, rayos ultravioletas o falta de ejercicio f\u00edsico.<\/li><li style=\"font-weight: 400;\"><strong>Ciertas patolog\u00edas asociadas<\/strong>: hipertensi\u00f3n arterial, diabetes, triglic\u00e9ridos elevados o colesterol alto.<\/li><li style=\"font-weight: 400;\"><strong>Factores gen\u00e9ticos<\/strong>: la mayor\u00eda de pacientes con DMAE tienen antecedentes familiares, personas en su familia que se quedaron ciegas de mayores o perdieron la visi\u00f3n con los a\u00f1os y, por eso, algunos pacientes ya conocen la enfermedad.<\/li><\/ul><h3 style=\"font-weight: 400;\"><span style=\"color: #008edf;\"><strong>S\u00edntomas de la Degeneraci\u00f3n Macular Asociada a la Edad (DMAE)<\/strong><\/span><\/h3><p style=\"font-weight: 400;\">La DMAE es una enfermedad que <strong>en sus fases iniciales puede ser asintom\u00e1tica<\/strong>, lo que dificulta su detecci\u00f3n. A medida que va avanzando la edad del paciente esta afecci\u00f3n se agrava y empiezan a aparecer los s\u00edntomas.<\/p><p style=\"font-weight: 400;\">Los pacientes con DMAE suelen presentar s\u00edntomas que afectan a la visi\u00f3n central como, por ejemplo:<\/p><ul><li style=\"font-weight: 400;\">Dificultad para leer<\/li><li style=\"font-weight: 400;\">Visi\u00f3n central borrosa<\/li><li style=\"font-weight: 400;\">Ver los objetos de tama\u00f1o diferente con cada ojo<\/li><li style=\"font-weight: 400;\">Alteraci\u00f3n de colores<\/li><li style=\"font-weight: 400;\">L\u00edneas rectas deformadas<\/li><\/ul><p style=\"font-weight: 400;\"><br \/>Cuando un paciente empieza a notar p\u00e9rdida de visi\u00f3n o si no tiene s\u00edntomas pero es mayor de 50 a\u00f1os, puede realizar un sencillo test de visi\u00f3n en su casa para detectar a tiempo cambios o empeoramiento de la visi\u00f3n central. Este test consiste en taparse primero un ojo y luego el otro y mirar l\u00edneas rectas. Si estas aparecen deformadas es una se\u00f1al de que se debe acudir a un especialista.<\/p>\t\t\t\t\t\t\t\t<\/div>\n\t\t\t\t<\/div>\n\t\t\t\t\t<\/div>\n\t\t<\/div>\n\t\t\t\t\t<\/div>\n\t\t<\/section>\n\t\t\t\t<section class=\"elementor-section elementor-top-section elementor-element elementor-element-6619109c elementor-section-height-min-height elementor-section-boxed elementor-section-height-default elementor-section-items-middle\" data-id=\"6619109c\" data-element_type=\"section\" data-e-type=\"section\" data-settings=\"{&quot;background_background&quot;:&quot;classic&quot;}\">\n\t\t\t\t\t\t<div class=\"elementor-container elementor-column-gap-default\">\n\t\t\t\t\t<div class=\"elementor-column elementor-col-100 elementor-top-column elementor-element elementor-element-6bba27c4\" data-id=\"6bba27c4\" data-element_type=\"column\" data-e-type=\"column\">\n\t\t\t<div class=\"elementor-widget-wrap\">\n\t\t\t\t\t\t\t<\/div>\n\t\t<\/div>\n\t\t\t\t\t<\/div>\n\t\t<\/section>\n\t\t\t\t<section class=\"elementor-section elementor-top-section elementor-element elementor-element-3e9602a2 elementor-section-full_width elementor-section-height-default elementor-section-height-default\" data-id=\"3e9602a2\" data-element_type=\"section\" data-e-type=\"section\">\n\t\t\t\t\t\t<div class=\"elementor-container elementor-column-gap-default\">\n\t\t\t\t\t<div class=\"elementor-column elementor-col-100 elementor-top-column elementor-element elementor-element-3a4d7dd6\" data-id=\"3a4d7dd6\" data-element_type=\"column\" data-e-type=\"column\">\n\t\t\t<div class=\"elementor-widget-wrap elementor-element-populated\">\n\t\t\t\t\t\t<div class=\"elementor-element elementor-element-4cb4e85c elementor-widget elementor-widget-text-editor\" data-id=\"4cb4e85c\" data-element_type=\"widget\" data-e-type=\"widget\" data-widget_type=\"text-editor.default\">\n\t\t\t\t<div class=\"elementor-widget-container\">\n\t\t\t\t\t\t\t\t\t<h4 style=\"font-weight: 400;\"><span style=\"color: #008edf;\"><strong>Diagn\u00f3stico de la DMAE<\/strong><\/span><\/h4><p style=\"font-weight: 400;\">El diagn\u00f3stico de la DMAE generalmente se realiza mediante un examen ocular completo que incluye pruebas como la agudeza visual, la angiograf\u00eda con fluoresce\u00edna y la tomograf\u00eda de coherencia \u00f3ptica (OCT). Estas pruebas ayudan a evaluar la gravedad de la enfermedad y determinar el mejor enfoque de tratamiento.<\/p><h4 style=\"font-weight: 400;\"><span style=\"color: #008edf;\"><strong>Tratamiento de la DMAE<\/strong><\/span><\/h4><p style=\"font-weight: 400;\">Si bien no existe una cura definitiva para la DMAE, existen opciones de tratamiento disponibles para ralentizar su progresi\u00f3n y preservar la visi\u00f3n. Esto puede incluir terapias con medicamentos intrav\u00edtreos, como los anti-VEGF, que ayudan a inhibir el crecimiento anormal de los vasos sangu\u00edneos en la DMAE h\u00fameda. Tambi\u00e9n se pueden recomendar suplementos nutricionales espec\u00edficos y cambios en el estilo de vida, como dejar de fumar y adoptar una dieta saludable.<\/p><p style=\"font-weight: 400;\">Es importante destacar que el diagn\u00f3stico temprano y el seguimiento regular con un oftalm\u00f3logo son fundamentales para detectar y tratar la DMAE de manera oportuna, lo que puede ayudar a minimizar la p\u00e9rdida de visi\u00f3n y mantener una buena calidad de vida.<\/p>\t\t\t\t\t\t\t\t<\/div>\n\t\t\t\t<\/div>\n\t\t\t\t\t<\/div>\n\t\t<\/div>\n\t\t\t\t\t<\/div>\n\t\t<\/section>\n\t\t\t\t<section class=\"elementor-section elementor-top-section elementor-element elementor-element-55d4d45c elementor-section-full_width elementor-section-height-default elementor-section-height-default\" data-id=\"55d4d45c\" data-element_type=\"section\" data-e-type=\"section\">\n\t\t\t\t\t\t<div class=\"elementor-container elementor-column-gap-default\">\n\t\t\t\t\t<div class=\"elementor-column elementor-col-50 elementor-top-column elementor-element elementor-element-503facf\" data-id=\"503facf\" data-element_type=\"column\" data-e-type=\"column\">\n\t\t\t<div class=\"elementor-widget-wrap elementor-element-populated\">\n\t\t\t\t\t\t<div class=\"elementor-element elementor-element-60818cb6 elementor-widget elementor-widget-text-editor\" data-id=\"60818cb6\" data-element_type=\"widget\" data-e-type=\"widget\" data-widget_type=\"text-editor.default\">\n\t\t\t\t<div class=\"elementor-widget-container\">\n\t\t\t\t\t\t\t\t\t<p style=\"font-weight: 400;\">Te contamos los cuidados que se deben seguir para cuidar de la visi\u00f3n correctamente en el siguiente\u00a0<strong>art\u00edculo:<\/strong><\/p>\t\t\t\t\t\t\t\t<\/div>\n\t\t\t\t<\/div>\n\t\t\t\t\t<\/div>\n\t\t<\/div>\n\t\t\t\t<div class=\"elementor-column elementor-col-50 elementor-top-column elementor-element elementor-element-6bdfd4a4\" data-id=\"6bdfd4a4\" data-element_type=\"column\" data-e-type=\"column\">\n\t\t\t<div class=\"elementor-widget-wrap elementor-element-populated\">\n\t\t\t\t\t\t<div class=\"elementor-element elementor-element-628d526a elementor-grid-1 elementor-posts--thumbnail-left elementor-grid-tablet-1 elementor-grid-mobile-1 elementor-widget elementor-widget-posts\" data-id=\"628d526a\" data-element_type=\"widget\" data-e-type=\"widget\" data-settings=\"{&quot;classic_columns&quot;:&quot;1&quot;,&quot;classic_columns_tablet&quot;:&quot;1&quot;,&quot;classic_columns_mobile&quot;:&quot;1&quot;,&quot;classic_row_gap&quot;:{&quot;unit&quot;:&quot;px&quot;,&quot;size&quot;:35,&quot;sizes&quot;:[]},&quot;classic_row_gap_laptop&quot;:{&quot;unit&quot;:&quot;px&quot;,&quot;size&quot;:&quot;&quot;,&quot;sizes&quot;:[]},&quot;classic_row_gap_tablet&quot;:{&quot;unit&quot;:&quot;px&quot;,&quot;size&quot;:&quot;&quot;,&quot;sizes&quot;:[]},&quot;classic_row_gap_mobile&quot;:{&quot;unit&quot;:&quot;px&quot;,&quot;size&quot;:&quot;&quot;,&quot;sizes&quot;:[]}}\" data-widget_type=\"posts.classic\">\n\t\t\t\t<div class=\"elementor-widget-container\">\n\t\t\t\t\t\t\t<div class=\"elementor-posts-container elementor-posts elementor-posts--skin-classic elementor-grid\" role=\"list\">\n\t\t\t\t<article class=\"elementor-post elementor-grid-item post-398 post type-post status-publish format-standard has-post-thumbnail hentry category-recomendaciones-de-salud-visual\" role=\"listitem\">\n\t\t\t\t<a class=\"elementor-post__thumbnail__link\" href=\"https:\/\/www.comaresme.cat\/ca\/cuidado-ocular-para-gente-mayor\/\" tabindex=\"-1\" >\n\t\t\t<div class=\"elementor-post__thumbnail\"><img fetchpriority=\"high\" decoding=\"async\" width=\"768\" height=\"410\" src=\"https:\/\/www.comaresme.cat\/wp-content\/uploads\/2023\/07\/Diseno-sin-titulo-13-768x410.jpg\" class=\"attachment-medium_large size-medium_large wp-image-402\" alt=\"\" srcset=\"https:\/\/www.comaresme.cat\/wp-content\/uploads\/2023\/07\/Diseno-sin-titulo-13-768x410.jpg 768w, https:\/\/www.comaresme.cat\/wp-content\/uploads\/2023\/07\/Diseno-sin-titulo-13-300x160.jpg 300w, https:\/\/www.comaresme.cat\/wp-content\/uploads\/2023\/07\/Diseno-sin-titulo-13-1024x546.jpg 1024w, https:\/\/www.comaresme.cat\/wp-content\/uploads\/2023\/07\/Diseno-sin-titulo-13.jpg 1500w\" sizes=\"(max-width: 768px) 100vw, 768px\" \/><\/div>\n\t\t<\/a>\n\t\t\t\t<div class=\"elementor-post__text\">\n\t\t\t\t<h2 class=\"elementor-post__title\">\n\t\t\t<a href=\"https:\/\/www.comaresme.cat\/ca\/cuidado-ocular-para-gente-mayor\/\" >\n\t\t\t\tCuidado ocular para gente mayor\t\t\t<\/a>\n\t\t<\/h2>\n\t\t\n\t\t<a class=\"elementor-post__read-more\" href=\"https:\/\/www.comaresme.cat\/ca\/cuidado-ocular-para-gente-mayor\/\" aria-label=\"Read more about Cuidado ocular para gente mayor\" tabindex=\"-1\" >\n\t\t\tLeer m\u00e1s\t\t<\/a>\n\n\t\t\t\t<\/div>\n\t\t\t\t<\/article>\n\t\t\t\t<\/div>\n\t\t\n\t\t\t\t\t\t<\/div>\n\t\t\t\t<\/div>\n\t\t\t\t\t<\/div>\n\t\t<\/div>\n\t\t\t\t\t<\/div>\n\t\t<\/section>\n\t\t\t\t<\/div>","protected":false},"excerpt":{"rendered":"<p>Degeneraci\u00f3n macular asociada a la edad La degeneraci\u00f3n macular asociada a la edad (DMAE) es una enfermedad ocular que afecta principalmente a personas mayores de<\/p>","protected":false},"author":1,"featured_media":582,"parent":0,"menu_order":0,"comment_status":"closed","ping_status":"closed","template":"","meta":{"footnotes":""},"class_list":["post-229","page","type-page","status-publish","has-post-thumbnail","hentry"],"_links":{"self":[{"href":"https:\/\/www.comaresme.cat\/ca\/wp-json\/wp\/v2\/pages\/229","targetHints":{"allow":["GET"]}}],"collection":[{"href":"https:\/\/www.comaresme.cat\/ca\/wp-json\/wp\/v2\/pages"}],"about":[{"href":"https:\/\/www.comaresme.cat\/ca\/wp-json\/wp\/v2\/types\/page"}],"author":[{"embeddable":true,"href":"https:\/\/www.comaresme.cat\/ca\/wp-json\/wp\/v2\/users\/1"}],"replies":[{"embeddable":true,"href":"https:\/\/www.comaresme.cat\/ca\/wp-json\/wp\/v2\/comments?post=229"}],"version-history":[{"count":30,"href":"https:\/\/www.comaresme.cat\/ca\/wp-json\/wp\/v2\/pages\/229\/revisions"}],"predecessor-version":[{"id":920,"href":"https:\/\/www.comaresme.cat\/ca\/wp-json\/wp\/v2\/pages\/229\/revisions\/920"}],"wp:featuredmedia":[{"embeddable":true,"href":"https:\/\/www.comaresme.cat\/ca\/wp-json\/wp\/v2\/media\/582"}],"wp:attachment":[{"href":"https:\/\/www.comaresme.cat\/ca\/wp-json\/wp\/v2\/media?parent=229"}],"curies":[{"name":"wp","href":"https:\/\/api.w.org\/{rel}","templated":true}]}}