{"id":231,"date":"2023-07-13T18:53:39","date_gmt":"2023-07-13T16:53:39","guid":{"rendered":"https:\/\/www.comaresme.cat\/?page_id=231"},"modified":"2023-08-30T10:22:04","modified_gmt":"2023-08-30T08:22:04","slug":"ojo-seco","status":"publish","type":"page","link":"https:\/\/www.comaresme.cat\/ca\/ojo-seco\/","title":{"rendered":"Ojo seco"},"content":{"rendered":"<div data-elementor-type=\"wp-page\" data-elementor-id=\"231\" class=\"elementor elementor-231\" data-elementor-post-type=\"page\">\n\t\t\t\t\t\t<section class=\"elementor-section elementor-top-section elementor-element elementor-element-1c11581a elementor-section-height-min-height elementor-section-boxed elementor-section-height-default elementor-section-items-middle\" data-id=\"1c11581a\" data-element_type=\"section\" data-e-type=\"section\" data-settings=\"{&quot;background_background&quot;:&quot;classic&quot;}\">\n\t\t\t\t\t\t<div class=\"elementor-container elementor-column-gap-default\">\n\t\t\t\t\t<div class=\"elementor-column elementor-col-100 elementor-top-column elementor-element elementor-element-2baa6f19\" data-id=\"2baa6f19\" data-element_type=\"column\" data-e-type=\"column\">\n\t\t\t<div class=\"elementor-widget-wrap\">\n\t\t\t\t\t\t\t<\/div>\n\t\t<\/div>\n\t\t\t\t\t<\/div>\n\t\t<\/section>\n\t\t\t\t<section class=\"elementor-section elementor-top-section elementor-element elementor-element-31a72c84 elementor-section-full_width elementor-section-height-default elementor-section-height-default\" data-id=\"31a72c84\" data-element_type=\"section\" data-e-type=\"section\">\n\t\t\t\t\t\t<div class=\"elementor-container elementor-column-gap-default\">\n\t\t\t\t\t<div class=\"elementor-column elementor-col-100 elementor-top-column elementor-element elementor-element-2ebcc292\" data-id=\"2ebcc292\" data-element_type=\"column\" data-e-type=\"column\">\n\t\t\t<div class=\"elementor-widget-wrap elementor-element-populated\">\n\t\t\t\t\t\t<div class=\"elementor-element elementor-element-24a24b60 elementor-widget elementor-widget-heading\" data-id=\"24a24b60\" data-element_type=\"widget\" data-e-type=\"widget\" data-widget_type=\"heading.default\">\n\t\t\t\t<div class=\"elementor-widget-container\">\n\t\t\t\t\t<h2 class=\"elementor-heading-title elementor-size-default\"><b>Ojo <\/b>seco<\/h2>\t\t\t\t<\/div>\n\t\t\t\t<\/div>\n\t\t\t\t<div class=\"elementor-element elementor-element-7990693a elementor-widget elementor-widget-heading\" data-id=\"7990693a\" data-element_type=\"widget\" data-e-type=\"widget\" data-widget_type=\"heading.default\">\n\t\t\t\t<div class=\"elementor-widget-container\">\n\t\t\t\t\t<h4 class=\"elementor-heading-title elementor-size-default\">El ojo seco, tambi\u00e9n conocido como s\u00edndrome de ojo seco o  queratoconjuntivitis seca, es una condici\u00f3n en la cual los ojos no producen suficiente cantidad de l\u00e1grimas o las l\u00e1grimas que producen tienen una composici\u00f3n deficiente, lo que provoca una lubricaci\u00f3n insuficiente y una falta de humedad en la superficie ocular. Esto puede causar molestias y afectar la calidad de la visi\u00f3n.<\/h4>\t\t\t\t<\/div>\n\t\t\t\t<\/div>\n\t\t\t\t<div class=\"elementor-element elementor-element-74805b37 elementor-widget elementor-widget-text-editor\" data-id=\"74805b37\" data-element_type=\"widget\" data-e-type=\"widget\" data-widget_type=\"text-editor.default\">\n\t\t\t\t<div class=\"elementor-widget-container\">\n\t\t\t\t\t\t\t\t\t<p style=\"font-weight: 400;\"><strong style=\"color: #008edf; font-size: 21px;\">Los s\u00edntomas comunes del ojo seco incluyen:<\/strong><\/p><ul><li style=\"font-weight: 400;\">Sensaci\u00f3n de sequedad, ardor o picaz\u00f3n en los ojos.<\/li><li style=\"font-weight: 400;\">Enrojecimiento ocular.<\/li><li style=\"font-weight: 400;\">Sensibilidad a la luz.<\/li><li style=\"font-weight: 400;\">Visi\u00f3n borrosa o fluctuante.<\/li><li style=\"font-weight: 400;\">Sensaci\u00f3n de cuerpo extra\u00f1o o arenilla en los ojos.<\/li><li style=\"font-weight: 400;\">Fatiga ocular.<\/li><li style=\"font-weight: 400;\">Lagrimeo excesivo como respuesta compensatoria.<\/li><\/ul><p><br \/>El origen de estas molestias es una mala funci\u00f3n de las gl\u00e1ndulas de Meibomio situadas en el p\u00e1rpado superior e inferior. Estas gl\u00e1ndulas seb\u00e1ceas son las que segregan los l\u00edpidos que sirven para hidratar y lubricar los ojos y, a la vez, evitan que las l\u00e1grimas evaporen la pel\u00edcula lagrimal que cubre y protege el ojo.<\/p>\t\t\t\t\t\t\t\t<\/div>\n\t\t\t\t<\/div>\n\t\t\t\t\t<\/div>\n\t\t<\/div>\n\t\t\t\t\t<\/div>\n\t\t<\/section>\n\t\t\t\t<section class=\"elementor-section elementor-top-section elementor-element elementor-element-3fb95e3d elementor-section-height-min-height elementor-section-boxed elementor-section-height-default elementor-section-items-middle\" data-id=\"3fb95e3d\" data-element_type=\"section\" data-e-type=\"section\" data-settings=\"{&quot;background_background&quot;:&quot;classic&quot;}\">\n\t\t\t\t\t\t<div class=\"elementor-container elementor-column-gap-default\">\n\t\t\t\t\t<div class=\"elementor-column elementor-col-100 elementor-top-column elementor-element elementor-element-4e8ea619\" data-id=\"4e8ea619\" data-element_type=\"column\" data-e-type=\"column\">\n\t\t\t<div class=\"elementor-widget-wrap\">\n\t\t\t\t\t\t\t<\/div>\n\t\t<\/div>\n\t\t\t\t\t<\/div>\n\t\t<\/section>\n\t\t\t\t<section class=\"elementor-section elementor-top-section elementor-element elementor-element-4bee450e elementor-section-full_width elementor-section-height-default elementor-section-height-default\" data-id=\"4bee450e\" data-element_type=\"section\" data-e-type=\"section\">\n\t\t\t\t\t\t<div class=\"elementor-container elementor-column-gap-default\">\n\t\t\t\t\t<div class=\"elementor-column elementor-col-100 elementor-top-column elementor-element elementor-element-60db25eb\" data-id=\"60db25eb\" data-element_type=\"column\" data-e-type=\"column\">\n\t\t\t<div class=\"elementor-widget-wrap elementor-element-populated\">\n\t\t\t\t\t\t<div class=\"elementor-element elementor-element-2d480f33 elementor-widget elementor-widget-text-editor\" data-id=\"2d480f33\" data-element_type=\"widget\" data-e-type=\"widget\" data-widget_type=\"text-editor.default\">\n\t\t\t\t<div class=\"elementor-widget-container\">\n\t\t\t\t\t\t\t\t\t<h3 style=\"font-weight: 400;\"><strong>Factores que influyen en la aparici\u00f3n del s\u00edndrome de ojo seco<\/strong><\/h3>\n<p style=\"font-weight: 400;\">Las causas del ojo seco pueden ser diversas, la padecen alrededor de 5 millones de personas en Espa\u00f1a y unos 100 millones de personas a nivel mundial. Suele aparecer en ambos ojos y es m\u00e1s frecuente entre las mujeres, especialmente m\u00e1s all\u00e1 de la edad de la menopausia.<\/p>\n<ul>\n<li style=\"font-weight: 400;\"><strong>Factores ambientales<\/strong>: El aire seco, el humo, el viento y la exposici\u00f3n prolongada a la pantalla de la computadora o dispositivos electr\u00f3nicos pueden contribuir al ojo seco.<\/li>\n<li style=\"font-weight: 400;\"><strong>Condiciones m\u00e9dicas<\/strong>: Algunas enfermedades, como la artritis reumatoide, el s\u00edndrome de Sj\u00f6gren, problemas con el p\u00e1rpado (blesfaritis), la diabetes, las enfermedades tiroideas y el uso de lentillas,&nbsp; pueden estar asociadas con el ojo seco.<\/li>\n<li style=\"font-weight: 400;\"><strong>Medicamentos<\/strong>: Ciertos medicamentos, como los antihistam\u00ednicos, los antidepresivos, los betabloqueantes , los medicamentos para la presi\u00f3n arterial y tratamiento con quimioterapia o radioterapia, pueden causar sequedad ocular como efecto secundar<\/li>\n<\/ul>\t\t\t\t\t\t\t\t<\/div>\n\t\t\t\t<\/div>\n\t\t\t\t\t<\/div>\n\t\t<\/div>\n\t\t\t\t\t<\/div>\n\t\t<\/section>\n\t\t\t\t<section class=\"elementor-section elementor-top-section elementor-element elementor-element-7a5ead5 elementor-section-full_width elementor-section-height-default elementor-section-height-default\" data-id=\"7a5ead5\" data-element_type=\"section\" data-e-type=\"section\">\n\t\t\t\t\t\t<div class=\"elementor-container elementor-column-gap-default\">\n\t\t\t\t\t<div class=\"elementor-column elementor-col-50 elementor-top-column elementor-element elementor-element-3b9c99bb\" data-id=\"3b9c99bb\" data-element_type=\"column\" data-e-type=\"column\">\n\t\t\t<div class=\"elementor-widget-wrap elementor-element-populated\">\n\t\t\t\t\t\t<div class=\"elementor-element elementor-element-50b44652 elementor-widget elementor-widget-text-editor\" data-id=\"50b44652\" data-element_type=\"widget\" data-e-type=\"widget\" data-widget_type=\"text-editor.default\">\n\t\t\t\t<div class=\"elementor-widget-container\">\n\t\t\t\t\t\t\t\t\t<p style=\"font-weight: 400;\">Te recomendamos un art\u00edculo donde podr\u00e1s encontrar m\u00e1s informaci\u00f3n sobre el ojo seco y recomendaciones para su cuidado.\u00a0<\/p>\t\t\t\t\t\t\t\t<\/div>\n\t\t\t\t<\/div>\n\t\t\t\t\t<\/div>\n\t\t<\/div>\n\t\t\t\t<div class=\"elementor-column elementor-col-50 elementor-top-column elementor-element elementor-element-7637b621\" data-id=\"7637b621\" data-element_type=\"column\" data-e-type=\"column\">\n\t\t\t<div class=\"elementor-widget-wrap elementor-element-populated\">\n\t\t\t\t\t\t<div class=\"elementor-element elementor-element-12012a7 elementor-grid-1 elementor-posts--thumbnail-left elementor-grid-tablet-1 elementor-grid-mobile-1 elementor-widget elementor-widget-posts\" data-id=\"12012a7\" data-element_type=\"widget\" data-e-type=\"widget\" data-settings=\"{&quot;classic_columns&quot;:&quot;1&quot;,&quot;classic_columns_tablet&quot;:&quot;1&quot;,&quot;classic_columns_mobile&quot;:&quot;1&quot;,&quot;classic_row_gap&quot;:{&quot;unit&quot;:&quot;px&quot;,&quot;size&quot;:35,&quot;sizes&quot;:[]},&quot;classic_row_gap_laptop&quot;:{&quot;unit&quot;:&quot;px&quot;,&quot;size&quot;:&quot;&quot;,&quot;sizes&quot;:[]},&quot;classic_row_gap_tablet&quot;:{&quot;unit&quot;:&quot;px&quot;,&quot;size&quot;:&quot;&quot;,&quot;sizes&quot;:[]},&quot;classic_row_gap_mobile&quot;:{&quot;unit&quot;:&quot;px&quot;,&quot;size&quot;:&quot;&quot;,&quot;sizes&quot;:[]}}\" data-widget_type=\"posts.classic\">\n\t\t\t\t<div class=\"elementor-widget-container\">\n\t\t\t\t\t\t\t<div class=\"elementor-posts-container elementor-posts elementor-posts--skin-classic elementor-grid\" role=\"list\">\n\t\t\t\t<article class=\"elementor-post elementor-grid-item post-395 post type-post status-publish format-standard has-post-thumbnail hentry category-recomendaciones-de-salud-visual\" role=\"listitem\">\n\t\t\t\t<a class=\"elementor-post__thumbnail__link\" href=\"https:\/\/www.comaresme.cat\/ca\/lo-que-hay-que-saber-sobre-el-ojo-seco\/\" tabindex=\"-1\" >\n\t\t\t<div class=\"elementor-post__thumbnail\"><img fetchpriority=\"high\" decoding=\"async\" width=\"768\" height=\"530\" src=\"https:\/\/www.comaresme.cat\/wp-content\/uploads\/2023\/07\/Diseno-sin-titulo-11-768x530.jpg\" class=\"attachment-medium_large size-medium_large wp-image-396\" alt=\"\" srcset=\"https:\/\/www.comaresme.cat\/wp-content\/uploads\/2023\/07\/Diseno-sin-titulo-11-768x530.jpg 768w, https:\/\/www.comaresme.cat\/wp-content\/uploads\/2023\/07\/Diseno-sin-titulo-11-300x207.jpg 300w, https:\/\/www.comaresme.cat\/wp-content\/uploads\/2023\/07\/Diseno-sin-titulo-11-1024x706.jpg 1024w, https:\/\/www.comaresme.cat\/wp-content\/uploads\/2023\/07\/Diseno-sin-titulo-11-1536x1059.jpg 1536w, https:\/\/www.comaresme.cat\/wp-content\/uploads\/2023\/07\/Diseno-sin-titulo-11.jpg 1843w\" sizes=\"(max-width: 768px) 100vw, 768px\" \/><\/div>\n\t\t<\/a>\n\t\t\t\t<div class=\"elementor-post__text\">\n\t\t\t\t<h2 class=\"elementor-post__title\">\n\t\t\t<a href=\"https:\/\/www.comaresme.cat\/ca\/lo-que-hay-que-saber-sobre-el-ojo-seco\/\" >\n\t\t\t\tLo que hay que saber sobre el ojo seco\t\t\t<\/a>\n\t\t<\/h2>\n\t\t\n\t\t<a class=\"elementor-post__read-more\" href=\"https:\/\/www.comaresme.cat\/ca\/lo-que-hay-que-saber-sobre-el-ojo-seco\/\" aria-label=\"Read more about Lo que hay que saber sobre el ojo seco\" tabindex=\"-1\" >\n\t\t\tLeer m\u00e1s\t\t<\/a>\n\n\t\t\t\t<\/div>\n\t\t\t\t<\/article>\n\t\t\t\t<\/div>\n\t\t\n\t\t\t\t\t\t<\/div>\n\t\t\t\t<\/div>\n\t\t\t\t\t<\/div>\n\t\t<\/div>\n\t\t\t\t\t<\/div>\n\t\t<\/section>\n\t\t\t\t<\/div>","protected":false},"excerpt":{"rendered":"<p>Ojo seco El ojo seco, tambi\u00e9n conocido como s\u00edndrome de ojo seco o queratoconjuntivitis seca, es una condici\u00f3n en la cual los ojos no producen<\/p>","protected":false},"author":1,"featured_media":98,"parent":0,"menu_order":0,"comment_status":"closed","ping_status":"closed","template":"","meta":{"footnotes":""},"class_list":["post-231","page","type-page","status-publish","has-post-thumbnail","hentry"],"_links":{"self":[{"href":"https:\/\/www.comaresme.cat\/ca\/wp-json\/wp\/v2\/pages\/231","targetHints":{"allow":["GET"]}}],"collection":[{"href":"https:\/\/www.comaresme.cat\/ca\/wp-json\/wp\/v2\/pages"}],"about":[{"href":"https:\/\/www.comaresme.cat\/ca\/wp-json\/wp\/v2\/types\/page"}],"author":[{"embeddable":true,"href":"https:\/\/www.comaresme.cat\/ca\/wp-json\/wp\/v2\/users\/1"}],"replies":[{"embeddable":true,"href":"https:\/\/www.comaresme.cat\/ca\/wp-json\/wp\/v2\/comments?post=231"}],"version-history":[{"count":17,"href":"https:\/\/www.comaresme.cat\/ca\/wp-json\/wp\/v2\/pages\/231\/revisions"}],"predecessor-version":[{"id":931,"href":"https:\/\/www.comaresme.cat\/ca\/wp-json\/wp\/v2\/pages\/231\/revisions\/931"}],"wp:featuredmedia":[{"embeddable":true,"href":"https:\/\/www.comaresme.cat\/ca\/wp-json\/wp\/v2\/media\/98"}],"wp:attachment":[{"href":"https:\/\/www.comaresme.cat\/ca\/wp-json\/wp\/v2\/media?parent=231"}],"curies":[{"name":"wp","href":"https:\/\/api.w.org\/{rel}","templated":true}]}}