{"id":53,"date":"2023-06-26T16:45:12","date_gmt":"2023-06-26T14:45:12","guid":{"rendered":"https:\/\/www.comaresme.cat\/?page_id=53"},"modified":"2023-07-13T18:26:32","modified_gmt":"2023-07-13T16:26:32","slug":"aviso-legal","status":"publish","type":"page","link":"https:\/\/www.comaresme.cat\/ca\/aviso-legal\/","title":{"rendered":"Aviso legal"},"content":{"rendered":"<div data-elementor-type=\"wp-page\" data-elementor-id=\"53\" class=\"elementor elementor-53\" data-elementor-post-type=\"page\">\n\t\t\t\t\t\t<section class=\"elementor-section elementor-top-section elementor-element elementor-element-a012980 elementor-section-boxed elementor-section-height-default elementor-section-height-default\" data-id=\"a012980\" data-element_type=\"section\" data-e-type=\"section\">\n\t\t\t\t\t\t<div class=\"elementor-container elementor-column-gap-default\">\n\t\t\t\t\t<div class=\"elementor-column elementor-col-100 elementor-top-column elementor-element elementor-element-c83d632\" data-id=\"c83d632\" data-element_type=\"column\" data-e-type=\"column\">\n\t\t\t<div class=\"elementor-widget-wrap elementor-element-populated\">\n\t\t\t\t\t\t<div class=\"elementor-element elementor-element-29a8285 elementor-widget elementor-widget-text-editor\" data-id=\"29a8285\" data-element_type=\"widget\" data-e-type=\"widget\" data-widget_type=\"text-editor.default\">\n\t\t\t\t<div class=\"elementor-widget-container\">\n\t\t\t\t\t\t\t\t\t<h2>Aviso Legal<\/h2><ol><li><strong>IDENTIFICACI\u00d3N DEL TITULAR DEL DOMINIO <\/strong><\/li><\/ol><p style=\"font-weight: 400;\">En cumplimiento de acuerdo con lo dispuesto en el art\u00edculo 10 de la Ley 34\/2002, de 11 de julio, de Servicios de la Sociedad de la Informaci\u00f3n y del Comercio Electr\u00f3nico, les informamos:<\/p><p style=\"font-weight: 400;\">El titular de la web es la empresa Servicios oftalmol\u00f3gicos del Dr. Arasanz, con nombre comercial; Centro Oftalmol\u00f2gic del Maresme, con domicilio en Matar\u00f3, c\/ La Riera 31, CIF: B67110692 inscrita en el Registro Mercantil de Barcelona Mercantil de Barcelona el 30 de noviemre de 2017, con el n\u00ba 08005, hoja B511830,\u00a0 tomo 46173, folio 65.<\/p><p style=\"font-weight: 400;\">Correo electr\u00f3nico de contacto: info@comaresme.cat<\/p><p style=\"font-weight: 400;\">Tel\u00e9fono: (+34) 937 90 57 05<\/p><p style=\"font-weight: 400;\">Todos los profesionales sanitarios est\u00e1n colegiados en colegios m\u00e9dicos i est\u00e1n sometidos a sus c\u00f3digos deontol\u00f3gicos.<\/p><p style=\"font-weight: 400;\">La informaci\u00f3n proporcionada en el sitio web no reemplaza, sino que complementa la relaci\u00f3n entre el profesional de salud y su paciente. En caso de duda consulte con su profesional de salud de referencia.<\/p><ol start=\"2\"><li style=\"font-weight: 400;\"><strong> NORMAS DE USO DEL PORTAL<\/strong><\/li><\/ol><p style=\"font-weight: 400;\">Quien acceda y use este sitio web, tendr\u00e1 la consideraci\u00f3n de usuario. El usuario por el solo hecho de serlo, acepta todas las condiciones de uso.<\/p><p style=\"font-weight: 400;\"><strong>2.1. GEN\u00c9RICAS<\/strong><\/p><p style=\"font-weight: 400;\">Est\u00e1 prohibido publicar en esta web, a nuestros blogs, y dem\u00e1s herramientas de participaci\u00f3n de contenidos que atenten contra los siguientes principios:<\/p><ul><li style=\"font-weight: 400;\">La salvaguarda del orden p\u00fablico, la investigaci\u00f3n penal, seguridad p\u00fablica y defensa nacional.<\/li><li style=\"font-weight: 400;\">La protecci\u00f3n de la salud p\u00fablica o de las personas f\u00edsicas que tengan la condici\u00f3n de consumidores o usuarios.<\/li><li style=\"font-weight: 400;\">El respeto a la dignidad de la persona y al principio de no discriminaci\u00f3n por motivos de raza, sexo, opini\u00f3n, nacionalidad, discapacidad o cualquier otra circunstancia personal o social.<\/li><li style=\"font-weight: 400;\">La protecci\u00f3n de la juventud y de la infancia.<\/li><li style=\"font-weight: 400;\">El respeto a la autonom\u00eda de la voluntad del afectado.<\/li><li style=\"font-weight: 400;\">El respeto a la propiedad intelectual de lo publicado.<\/li><li style=\"font-weight: 400;\">En general, el respeto a la legalidad vigente.<\/li><\/ul><p>\u00a0<\/p><p style=\"font-weight: 400;\"><strong>2.2. PARTICULARES <\/strong><\/p><p style=\"font-weight: 400;\">El usuario asume la responsabilidad del uso del portal. Esta responsabilidad se extiende al registro que fuese necesario para acceder a determinados servicios o contenidos. El usuario ser\u00e1 responsable de aportar informaci\u00f3n veraz y l\u00edcita en el proceso de registro.<\/p><p style=\"font-weight: 400;\">El usuario se compromete a hacer un uso adecuado de los contenidos y servicios que el responsable del tratamiento ofrece a trav\u00e9s de sus websites y herramientas de participaci\u00f3n; con car\u00e1cter enunciativo, pero no limitativo, tambi\u00e9n se compromete a no usarlas para:<\/p><ul><li style=\"font-weight: 400;\">Provocar da\u00f1os en los sistemas f\u00edsicos y l\u00f3gicos del responsable del tratamiento, de sus proveedores o de terceras personas, introducir o difundir en la red virus inform\u00e1ticos o cualesquiera otros sistemas f\u00edsicos o l\u00f3gicos que sean susceptibles de provocar da\u00f1os.<\/li><li style=\"font-weight: 400;\">Intentar acceder y, en su caso, utilizar las cuentas de correo electr\u00f3nico de otros usuarios y modificar o manipular sus mensajes.<\/li><\/ul><p style=\"font-weight: 400;\">La empresa, Servicios Oftalmol\u00f3gicos del Dr. Arasanz se reserva el derecho de retirar todos los comentarios y aportaciones que vulneren el respeto a la dignidad de la persona, que sean discriminatorios, xen\u00f3fobos, racistas, pornogr\u00e1ficos, que atenten contra las personas, especialmente, contra los intereses de la juventud o de la infancia, el orden o la seguridad p\u00fablica o que, no resultaran adecuados para su publicaci\u00f3n a criterio del Centro.<strong>\u00a0<\/strong><\/p><p style=\"font-weight: 400;\">En cualquier caso, Servicios Oftalmol\u00f3gicos del Dr. Arasanz no es responsable de las opiniones vertidas por los usuarios a trav\u00e9s de los foros, chats, u otras herramientas de participaci\u00f3n.<\/p><ol start=\"3\"><li style=\"font-weight: 400;\"><strong> PROPIEDAD INTELECTUAL E INDUSTRIAL<\/strong><\/li><\/ol><p style=\"font-weight: 400;\">La empresa Servicios Oftalmol\u00f3gicos del Dr Arasanz, es titular de todos los derechos de propiedad intelectual e industrial de sus p\u00e1ginas web, como tambi\u00e9n lo es de todo su contenido, por lo que toda reproducci\u00f3n, distribuci\u00f3n y comunicaci\u00f3n p\u00fablica total o parcial de su contenido queda expresamente prohibida sin la autorizaci\u00f3n expresa de la empresa Servicios Oftalmol\u00f3gicos del Dr. Arasanz.<\/p><p style=\"font-weight: 400;\"><strong>3.1. IDENTIFICACI\u00d3N DE RESPONSABLES<\/strong><\/p><p style=\"font-weight: 400;\">En esta web pueden recoger datos tres entidades que, en sus respectivos \u00e1mbitos, son responsables del tratamiento. En cada formulario se indicar\u00e1 a quien van dirigidos los datos que se recogen, siendo esta entidad la responsable de su tratamiento. El responsable del tratamiento de los datos que se recojan en esta web es la propia empresa. Sin embargo, todas las im\u00e1genes de pacientes identificables han sido publicadas con su consentimiento.<\/p><ol start=\"4\"><li style=\"font-weight: 400;\"><strong> RESPONSABILIDAD <\/strong><\/li><\/ol><p style=\"font-weight: 400;\">Servicios Oftalmol\u00f3gicos del Dr Arasanz, no se hace responsable de los da\u00f1os y perjuicios que se puedan derivar de interferencias o aver\u00edas telef\u00f3nicas, desconexiones en el sistema electr\u00f3nico, presencia de virus inform\u00e1ticos, programas maliciosos o cualquier otro factor ajeno a su control. Tampoco se hace responsable de los contenidos o sistemas de terceros conectados con el dominio del responsable del tratamiento a trav\u00e9s de enlaces.<\/p><p style=\"font-weight: 400;\">Servicios Oftalmol\u00f3gicos del Dr Arasanz se reserva el ejercicio de las acciones legales que correspondan contra los que vulneren estas condiciones.<\/p><ol start=\"5\"><li style=\"font-weight: 400;\"><strong> MODIFICACIONES DE LAS PRESENTES CONDICIONES Y VIGENCIA <\/strong><\/li><\/ol><p style=\"font-weight: 400;\">Servicios Oftalmol\u00f3gicos del Dr Arasanz puede modificar estas condiciones en cualquier momento, sin previo aviso, publicando sus modificaciones tal como aparecen.<strong>\u00a0<\/strong><\/p><ol start=\"6\"><li style=\"font-weight: 400;\"><strong> LEGISLACI\u00d3N APLICABLE Y JURISDICCI\u00d3N<\/strong><\/li><\/ol><p style=\"font-weight: 400;\">La relaci\u00f3n entre Servicios Oftalmol\u00f3gicos del Dr. Arasanz y el usuario se regir\u00e1 por la normativa espa\u00f1ola vigente y cualquier controversia se someter\u00e1 a los Juzgados y tribunales que correspondan a la ciudad de Matar\u00f3.<\/p>\t\t\t\t\t\t\t\t<\/div>\n\t\t\t\t<\/div>\n\t\t\t\t\t<\/div>\n\t\t<\/div>\n\t\t\t\t\t<\/div>\n\t\t<\/section>\n\t\t\t\t<\/div>","protected":false},"excerpt":{"rendered":"<p>Aviso Legal IDENTIFICACI\u00d3N DEL TITULAR DEL DOMINIO En cumplimiento de acuerdo con lo dispuesto en el art\u00edculo 10 de la Ley 34\/2002, de 11 de julio, de Servicios de la Sociedad de la Informaci\u00f3n y del Comercio Electr\u00f3nico, les informamos: El titular de la web es la empresa Servicios oftalmol\u00f3gicos del Dr. Arasanz, con nombre [&hellip;]<\/p>","protected":false},"author":1,"featured_media":0,"parent":0,"menu_order":0,"comment_status":"closed","ping_status":"closed","template":"","meta":{"footnotes":""},"class_list":["post-53","page","type-page","status-publish","hentry"],"_links":{"self":[{"href":"https:\/\/www.comaresme.cat\/ca\/wp-json\/wp\/v2\/pages\/53","targetHints":{"allow":["GET"]}}],"collection":[{"href":"https:\/\/www.comaresme.cat\/ca\/wp-json\/wp\/v2\/pages"}],"about":[{"href":"https:\/\/www.comaresme.cat\/ca\/wp-json\/wp\/v2\/types\/page"}],"author":[{"embeddable":true,"href":"https:\/\/www.comaresme.cat\/ca\/wp-json\/wp\/v2\/users\/1"}],"replies":[{"embeddable":true,"href":"https:\/\/www.comaresme.cat\/ca\/wp-json\/wp\/v2\/comments?post=53"}],"version-history":[{"count":5,"href":"https:\/\/www.comaresme.cat\/ca\/wp-json\/wp\/v2\/pages\/53\/revisions"}],"predecessor-version":[{"id":184,"href":"https:\/\/www.comaresme.cat\/ca\/wp-json\/wp\/v2\/pages\/53\/revisions\/184"}],"wp:attachment":[{"href":"https:\/\/www.comaresme.cat\/ca\/wp-json\/wp\/v2\/media?parent=53"}],"curies":[{"name":"wp","href":"https:\/\/api.w.org\/{rel}","templated":true}]}}