{"id":63,"date":"2023-06-26T16:51:24","date_gmt":"2023-06-26T14:51:24","guid":{"rendered":"https:\/\/www.comaresme.cat\/?page_id=63"},"modified":"2023-08-30T10:33:30","modified_gmt":"2023-08-30T08:33:30","slug":"vanguardia","status":"publish","type":"page","link":"https:\/\/www.comaresme.cat\/ca\/vanguardia\/","title":{"rendered":"Vanguardia"},"content":{"rendered":"<div data-elementor-type=\"wp-page\" data-elementor-id=\"63\" class=\"elementor elementor-63\" data-elementor-post-type=\"page\">\n\t\t\t\t\t\t<section class=\"elementor-section elementor-top-section elementor-element elementor-element-01e7186 elementor-section-height-min-height elementor-section-boxed elementor-section-height-default elementor-section-items-middle\" data-id=\"01e7186\" data-element_type=\"section\" data-e-type=\"section\" data-settings=\"{&quot;background_background&quot;:&quot;classic&quot;}\">\n\t\t\t\t\t\t<div class=\"elementor-container elementor-column-gap-default\">\n\t\t\t\t\t<div class=\"elementor-column elementor-col-100 elementor-top-column elementor-element elementor-element-f913b0a\" data-id=\"f913b0a\" data-element_type=\"column\" data-e-type=\"column\">\n\t\t\t<div class=\"elementor-widget-wrap\">\n\t\t\t\t\t\t\t<\/div>\n\t\t<\/div>\n\t\t\t\t\t<\/div>\n\t\t<\/section>\n\t\t\t\t<section class=\"elementor-section elementor-top-section elementor-element elementor-element-3b86855 elementor-section-full_width elementor-section-height-default elementor-section-height-default\" data-id=\"3b86855\" data-element_type=\"section\" data-e-type=\"section\">\n\t\t\t\t\t\t<div class=\"elementor-container elementor-column-gap-default\">\n\t\t\t\t\t<div class=\"elementor-column elementor-col-100 elementor-top-column elementor-element elementor-element-76150a9\" data-id=\"76150a9\" data-element_type=\"column\" data-e-type=\"column\">\n\t\t\t<div class=\"elementor-widget-wrap elementor-element-populated\">\n\t\t\t\t\t\t<div class=\"elementor-element elementor-element-8e7b82d elementor-widget elementor-widget-heading\" data-id=\"8e7b82d\" data-element_type=\"widget\" data-e-type=\"widget\" data-widget_type=\"heading.default\">\n\t\t\t\t<div class=\"elementor-widget-container\">\n\t\t\t\t\t<h3 class=\"elementor-heading-title elementor-size-default\"><b>Vanguardia <\/b>noticias y art\u00edculos de inter\u00e9s<\/h3>\t\t\t\t<\/div>\n\t\t\t\t<\/div>\n\t\t\t\t<div class=\"elementor-element elementor-element-0422935 elementor-widget elementor-widget-heading\" data-id=\"0422935\" data-element_type=\"widget\" data-e-type=\"widget\" data-widget_type=\"heading.default\">\n\t\t\t\t<div class=\"elementor-widget-container\">\n\t\t\t\t\t<h4 class=\"elementor-heading-title elementor-size-default\">En este espacio encontrar\u00e1s informaci\u00f3n \u00fatil y actualizada sobre el cuidado de tu visi\u00f3n y las \u00faltimas novedades en oftalmolog\u00eda. \n<\/h4>\t\t\t\t<\/div>\n\t\t\t\t<\/div>\n\t\t\t\t<div class=\"elementor-element elementor-element-1296bde elementor-widget elementor-widget-text-editor\" data-id=\"1296bde\" data-element_type=\"widget\" data-e-type=\"widget\" data-widget_type=\"text-editor.default\">\n\t\t\t\t<div class=\"elementor-widget-container\">\n\t\t\t\t\t\t\t\t\t<p style=\"font-weight: 400;\">Aqu\u00ed podr\u00e1s leer art\u00edculos escritos por nuestros especialistas, que te ofrecer\u00e1n consejos pr\u00e1cticos, recomendaciones preventivas y soluciones a los problemas m\u00e1s frecuentes que afectan a la salud ocular. Tambi\u00e9n te mantendremos al d\u00eda de las innovaciones tecnol\u00f3gicas y los avances cient\u00edficos que se producen en el campo de la oftalmolog\u00eda, as\u00ed como de las opciones de tratamiento m\u00e1s eficaces y seguras para cada caso. Queremos que este blog sea un espacio de interacci\u00f3n y aprendizaje, donde puedas resolver tus dudas, compartir tus experiencias y conocer m\u00e1s sobre el fascinante mundo de la visi\u00f3n.\u00a0<\/p>\t\t\t\t\t\t\t\t<\/div>\n\t\t\t\t<\/div>\n\t\t\t\t\t<\/div>\n\t\t<\/div>\n\t\t\t\t\t<\/div>\n\t\t<\/section>\n\t\t\t\t<section class=\"elementor-section elementor-top-section elementor-element elementor-element-6f60dca elementor-section-full_width elementor-section-height-default elementor-section-height-default\" data-id=\"6f60dca\" data-element_type=\"section\" data-e-type=\"section\">\n\t\t\t\t\t\t<div class=\"elementor-container elementor-column-gap-default\">\n\t\t\t\t\t<div class=\"elementor-column elementor-col-100 elementor-top-column elementor-element elementor-element-d993acd\" data-id=\"d993acd\" data-element_type=\"column\" data-e-type=\"column\">\n\t\t\t<div class=\"elementor-widget-wrap elementor-element-populated\">\n\t\t\t\t\t\t<div class=\"elementor-element elementor-element-6e243c1 elementor-widget elementor-widget-tp-blog-listout\" data-id=\"6e243c1\" data-element_type=\"widget\" data-e-type=\"widget\" data-widget_type=\"tp-blog-listout.default\">\n\t\t\t\t\t<div id=\"pt-plus-blog-post-list\" class=\"blog-list post69e79bb6a427d  list-isotope  blog-style-2 hover-image-none pt-plus-filter-post-category  layout-style-2\"  data-layout-type=\"fitRows\"   data-id=\"post69e79bb6a427d\" data-style=\"style-2\"   dir= \"data-enable-isotope=\"1\"\" filter-type = \"normal\"><div class=\"post-filter-data style-1 text-center\"><ul class=\"category-filters style-1 hover-style-1\"><li><a href=\"#\" class=\"filter-category-list active all\" data-filter=\"*\" ><span data-hover=\"Ver todo\">Ver todo<\/span><span class=\"all_post_count\">4<\/span><\/a><\/li><li><a href=\"#\" class=\"filter-category-list\" data-filter=\".novedades-en-oftalmologia\"><span data-hover=\"Novedades en oftalmolog\u00eda\">Novedades en oftalmolog\u00eda<\/span><\/a><\/li><li><a href=\"#\" class=\"filter-category-list\" data-filter=\".recomendaciones-de-salud-visual\"><span data-hover=\"Recomendaciones de salud visual\">Recomendaciones de salud visual<\/span><\/a><\/li><\/ul><\/div><div id=\"post69e79bb6a427d\" class=\"tp-row post-inner-loop post69e79bb6a427d text-center   tp-listing-preloader\" data-extparam= '{\"loading-opt\":\"skeleton\",\"URL-para\":\"\"}'  ><div class=\"grid-item metro-item  tp-col-lg-4 tp-col-md-6 tp-col-sm-12 tp-col-12  novedades-en-oftalmologia\"><article id=\"post-464\" class=\"post-464 post type-post status-publish format-standard has-post-thumbnail hentry category-novedades-en-oftalmologia\">\n\t<div class=\"blog-list-content\">\n\t\t\t\t<div class=\"post-content-image\">\n\t\t\t<a href=\"https:\/\/www.comaresme.cat\/ca\/administracion-de-alimentos-y-medicamentos-de-ee-uu-fda-aprobo-el-uso-del-primer-medicamento-para-tratar-la-degeneracion-macular-relacionada-con-la-edad-dmre-en-su-forma-seca\/\">\n\t\t\t\t\t<div class=\"blog-featured-image\">\n\t<span class=\"thumb-wrap\">\n\t\t<img fetchpriority=\"high\" decoding=\"async\" width=\"700\" height=\"700\" src=\"https:\/\/www.comaresme.cat\/wp-content\/uploads\/2023\/07\/Diseno-sin-titulo-14-700x700.jpg\" class=\"attachment-tp-image-grid size-tp-image-grid\" alt=\"\" srcset=\"https:\/\/www.comaresme.cat\/wp-content\/uploads\/2023\/07\/Diseno-sin-titulo-14-700x700.jpg 700w, https:\/\/www.comaresme.cat\/wp-content\/uploads\/2023\/07\/Diseno-sin-titulo-14-150x150.jpg 150w\" sizes=\"(max-width: 700px) 100vw, 700px\" \/>\t<\/span>\n\t<\/div>\n\t\t\t<\/a>\n\t\t\t\t\t\t\t<div class=\"post-category-list style-1\">\t\n\t<span><a href=\"https:\/\/www.comaresme.cat\/ca\/category\/novedades-en-oftalmologia\/\">Novedades en oftalmolog\u00eda<\/a><\/span><\/div>\n\n\t\t\t\t\t<\/div>\n\t\t\t\t<div class=\"post-content-bottom\">\n\t\t\t\t\t\t<div class=\"post-metro-content\">\n\t\t\t\t<h2 class=\"post-title\">\n\t<a href=\"https:\/\/www.comaresme.cat\/ca\/administracion-de-alimentos-y-medicamentos-de-ee-uu-fda-aprobo-el-uso-del-primer-medicamento-para-tratar-la-degeneracion-macular-relacionada-con-la-edad-dmre-en-su-forma-seca\/\" class=\"normal\">Administraci\u00f3n de Alimentos y Medicamentos de EE. UU. (FDA) aprob\u00f3<\/a>\n<\/h2>\n\t\t\t\t\t\t\t\t\t\t\t\t\t<div class=\"post-meta-info style-1\"><span class=\"meta-date\"><a href=\"https:\/\/www.comaresme.cat\/ca\/administracion-de-alimentos-y-medicamentos-de-ee-uu-fda-aprobo-el-uso-del-primer-medicamento-para-tratar-la-degeneracion-macular-relacionada-con-la-edad-dmre-en-su-forma-seca\/\"><span class=\"entry-date\">14 de juliol de 2023<\/span><\/a><\/span>\n<\/div>\t\t\t\t\t\t\t<\/div>\n\t\t<\/div>\n\t\t\t\t\t<\/div>\n<\/article>\n<\/div><div class=\"grid-item metro-item  tp-col-lg-4 tp-col-md-6 tp-col-sm-12 tp-col-12  recomendaciones-de-salud-visual\"><article id=\"post-398\" class=\"post-398 post type-post status-publish format-standard has-post-thumbnail hentry category-recomendaciones-de-salud-visual\">\n\t<div class=\"blog-list-content\">\n\t\t\t\t<div class=\"post-content-image\">\n\t\t\t<a href=\"https:\/\/www.comaresme.cat\/ca\/cuidado-ocular-para-gente-mayor\/\">\n\t\t\t\t\t<div class=\"blog-featured-image\">\n\t<span class=\"thumb-wrap\">\n\t\t<img decoding=\"async\" width=\"700\" height=\"700\" src=\"https:\/\/www.comaresme.cat\/wp-content\/uploads\/2023\/07\/Diseno-sin-titulo-13-700x700.jpg\" class=\"attachment-tp-image-grid size-tp-image-grid\" alt=\"\" srcset=\"https:\/\/www.comaresme.cat\/wp-content\/uploads\/2023\/07\/Diseno-sin-titulo-13-700x700.jpg 700w, https:\/\/www.comaresme.cat\/wp-content\/uploads\/2023\/07\/Diseno-sin-titulo-13-150x150.jpg 150w\" sizes=\"(max-width: 700px) 100vw, 700px\" \/>\t<\/span>\n\t<\/div>\n\t\t\t<\/a>\n\t\t\t\t\t\t\t<div class=\"post-category-list style-1\">\t\n\t<span><a href=\"https:\/\/www.comaresme.cat\/ca\/category\/recomendaciones-de-salud-visual\/\">Recomendaciones de salud visual<\/a><\/span><\/div>\n\n\t\t\t\t\t<\/div>\n\t\t\t\t<div class=\"post-content-bottom\">\n\t\t\t\t\t\t<div class=\"post-metro-content\">\n\t\t\t\t<h2 class=\"post-title\">\n\t<a href=\"https:\/\/www.comaresme.cat\/ca\/cuidado-ocular-para-gente-mayor\/\" class=\"normal\">Cuidado ocular para gente mayor<\/a>\n<\/h2>\n\t\t\t\t\t\t\t\t\t\t\t\t\t<div class=\"post-meta-info style-1\"><span class=\"meta-date\"><a href=\"https:\/\/www.comaresme.cat\/ca\/cuidado-ocular-para-gente-mayor\/\"><span class=\"entry-date\">14 de juliol de 2023<\/span><\/a><\/span>\n<\/div>\t\t\t\t\t\t\t<\/div>\n\t\t<\/div>\n\t\t\t\t\t<\/div>\n<\/article>\n<\/div><div class=\"grid-item metro-item  tp-col-lg-4 tp-col-md-6 tp-col-sm-12 tp-col-12  recomendaciones-de-salud-visual\"><article id=\"post-395\" class=\"post-395 post type-post status-publish format-standard has-post-thumbnail hentry category-recomendaciones-de-salud-visual\">\n\t<div class=\"blog-list-content\">\n\t\t\t\t<div class=\"post-content-image\">\n\t\t\t<a href=\"https:\/\/www.comaresme.cat\/ca\/lo-que-hay-que-saber-sobre-el-ojo-seco\/\">\n\t\t\t\t\t<div class=\"blog-featured-image\">\n\t<span class=\"thumb-wrap\">\n\t\t<img decoding=\"async\" width=\"700\" height=\"700\" src=\"https:\/\/www.comaresme.cat\/wp-content\/uploads\/2023\/07\/Diseno-sin-titulo-11-700x700.jpg\" class=\"attachment-tp-image-grid size-tp-image-grid\" alt=\"\" srcset=\"https:\/\/www.comaresme.cat\/wp-content\/uploads\/2023\/07\/Diseno-sin-titulo-11-700x700.jpg 700w, https:\/\/www.comaresme.cat\/wp-content\/uploads\/2023\/07\/Diseno-sin-titulo-11-150x150.jpg 150w\" sizes=\"(max-width: 700px) 100vw, 700px\" \/>\t<\/span>\n\t<\/div>\n\t\t\t<\/a>\n\t\t\t\t\t\t\t<div class=\"post-category-list style-1\">\t\n\t<span><a href=\"https:\/\/www.comaresme.cat\/ca\/category\/recomendaciones-de-salud-visual\/\">Recomendaciones de salud visual<\/a><\/span><\/div>\n\n\t\t\t\t\t<\/div>\n\t\t\t\t<div class=\"post-content-bottom\">\n\t\t\t\t\t\t<div class=\"post-metro-content\">\n\t\t\t\t<h2 class=\"post-title\">\n\t<a href=\"https:\/\/www.comaresme.cat\/ca\/lo-que-hay-que-saber-sobre-el-ojo-seco\/\" class=\"normal\">Lo que hay que saber sobre el ojo seco<\/a>\n<\/h2>\n\t\t\t\t\t\t\t\t\t\t\t\t\t<div class=\"post-meta-info style-1\"><span class=\"meta-date\"><a href=\"https:\/\/www.comaresme.cat\/ca\/lo-que-hay-que-saber-sobre-el-ojo-seco\/\"><span class=\"entry-date\">14 de juliol de 2023<\/span><\/a><\/span>\n<\/div>\t\t\t\t\t\t\t<\/div>\n\t\t<\/div>\n\t\t\t\t\t<\/div>\n<\/article>\n<\/div><div class=\"grid-item metro-item  tp-col-lg-4 tp-col-md-6 tp-col-sm-12 tp-col-12  recomendaciones-de-salud-visual\"><article id=\"post-373\" class=\"post-373 post type-post status-publish format-standard has-post-thumbnail hentry category-recomendaciones-de-salud-visual\">\n\t<div class=\"blog-list-content\">\n\t\t\t\t<div class=\"post-content-image\">\n\t\t\t<a href=\"https:\/\/www.comaresme.cat\/ca\/pasos-que-se-deben-seguir-despues-de-la-cirugia-para-asegurar-una-recuperacion-exitosa\/\">\n\t\t\t\t\t<div class=\"blog-featured-image\">\n\t<span class=\"thumb-wrap\">\n\t\t<img loading=\"lazy\" decoding=\"async\" width=\"700\" height=\"700\" src=\"https:\/\/www.comaresme.cat\/wp-content\/uploads\/2023\/07\/Diseno-sin-titulo-10-700x700.jpg\" class=\"attachment-tp-image-grid size-tp-image-grid\" alt=\"Ult\u00edmas noticias y art\u00edculos de inter\u00e9s - COM\" srcset=\"https:\/\/www.comaresme.cat\/wp-content\/uploads\/2023\/07\/Diseno-sin-titulo-10-700x700.jpg 700w, https:\/\/www.comaresme.cat\/wp-content\/uploads\/2023\/07\/Diseno-sin-titulo-10-150x150.jpg 150w\" sizes=\"(max-width: 700px) 100vw, 700px\" \/>\t<\/span>\n\t<\/div>\n\t\t\t<\/a>\n\t\t\t\t\t\t\t<div class=\"post-category-list style-1\">\t\n\t<span><a href=\"https:\/\/www.comaresme.cat\/ca\/category\/recomendaciones-de-salud-visual\/\">Recomendaciones de salud visual<\/a><\/span><\/div>\n\n\t\t\t\t\t<\/div>\n\t\t\t\t<div class=\"post-content-bottom\">\n\t\t\t\t\t\t<div class=\"post-metro-content\">\n\t\t\t\t<h2 class=\"post-title\">\n\t<a href=\"https:\/\/www.comaresme.cat\/ca\/pasos-que-se-deben-seguir-despues-de-la-cirugia-para-asegurar-una-recuperacion-exitosa\/\" class=\"normal\">Pasos que se deben seguir despu\u00e9s de la cirug\u00eda para<\/a>\n<\/h2>\n\t\t\t\t\t\t\t\t\t\t\t\t\t<div class=\"post-meta-info style-1\"><span class=\"meta-date\"><a href=\"https:\/\/www.comaresme.cat\/ca\/pasos-que-se-deben-seguir-despues-de-la-cirugia-para-asegurar-una-recuperacion-exitosa\/\"><span class=\"entry-date\">14 de juliol de 2023<\/span><\/a><\/span>\n<\/div>\t\t\t\t\t\t\t<\/div>\n\t\t<\/div>\n\t\t\t\t\t<\/div>\n<\/article>\n<\/div><\/div><\/div>\t\t\t\t<\/div>\n\t\t\t\t\t<\/div>\n\t\t<\/div>\n\t\t\t\t\t<\/div>\n\t\t<\/section>\n\t\t\t\t<\/div>","protected":false},"excerpt":{"rendered":"<p>Vanguardia noticias y art\u00edculos de inter\u00e9s En este espacio encontrar\u00e1s informaci\u00f3n \u00fatil y actualizada sobre el cuidado de tu visi\u00f3n y las \u00faltimas novedades en oftalmolog\u00eda. Aqu\u00ed podr\u00e1s leer art\u00edculos escritos por nuestros especialistas, que te ofrecer\u00e1n consejos pr\u00e1cticos, recomendaciones preventivas y soluciones a los problemas m\u00e1s frecuentes que afectan a la salud ocular. Tambi\u00e9n [&hellip;]<\/p>","protected":false},"author":1,"featured_media":374,"parent":0,"menu_order":0,"comment_status":"closed","ping_status":"closed","template":"","meta":{"footnotes":""},"class_list":["post-63","page","type-page","status-publish","has-post-thumbnail","hentry"],"_links":{"self":[{"href":"https:\/\/www.comaresme.cat\/ca\/wp-json\/wp\/v2\/pages\/63","targetHints":{"allow":["GET"]}}],"collection":[{"href":"https:\/\/www.comaresme.cat\/ca\/wp-json\/wp\/v2\/pages"}],"about":[{"href":"https:\/\/www.comaresme.cat\/ca\/wp-json\/wp\/v2\/types\/page"}],"author":[{"embeddable":true,"href":"https:\/\/www.comaresme.cat\/ca\/wp-json\/wp\/v2\/users\/1"}],"replies":[{"embeddable":true,"href":"https:\/\/www.comaresme.cat\/ca\/wp-json\/wp\/v2\/comments?post=63"}],"version-history":[{"count":59,"href":"https:\/\/www.comaresme.cat\/ca\/wp-json\/wp\/v2\/pages\/63\/revisions"}],"predecessor-version":[{"id":936,"href":"https:\/\/www.comaresme.cat\/ca\/wp-json\/wp\/v2\/pages\/63\/revisions\/936"}],"wp:featuredmedia":[{"embeddable":true,"href":"https:\/\/www.comaresme.cat\/ca\/wp-json\/wp\/v2\/media\/374"}],"wp:attachment":[{"href":"https:\/\/www.comaresme.cat\/ca\/wp-json\/wp\/v2\/media?parent=63"}],"curies":[{"name":"wp","href":"https:\/\/api.w.org\/{rel}","templated":true}]}}